{"id":903,"date":"2018-10-07T03:26:00","date_gmt":"2018-10-07T06:26:00","guid":{"rendered":"https:\/\/isfd110-bue.infd.edu.ar\/sitio\/?page_id=903"},"modified":"2019-05-19T20:28:51","modified_gmt":"2019-05-19T23:28:51","slug":"consejo-academico-institucional","status":"publish","type":"page","link":"https:\/\/isfd110-bue.infd.edu.ar\/sitio\/consejo-academico-institucional\/","title":{"rendered":"Consejo Acad\u00e9mico Institucional"},"content":{"rendered":"<p>A TODOS LOS INTEGRANTES DE LOS CLAUSTROS ESTUDIANTIL Y DOCENTE<\/p>\n<p>DEL ISFD N\u00b0 110<\/p>\n<p>Por la presente informo a uds. que en el d\u00eda de la fecha , se ha presentado en la instituci\u00f3n la Avocadora del Consejo Escolar de Moreno, quien en su car\u00e1cter de Presidenta de la Junta Electoral ha oficializado las listas que se han presentado para las elecciones del Consejo Acad\u00e9mico Institucional a realizarse entre el 27 y 31 de mayo<\/p>\n<p>Las mismas son las siguientes :<\/p>\n<p><strong><u>CLAUSTRO DOCENTE : LISTA MATICES-LISTA 1<\/u><\/strong><\/p>\n<p>APELLIDO Y NOMBRE\u00a0\u00a0\u00a0\u00a0\u00a0\u00a0\u00a0\u00a0\u00a0\u00a0\u00a0\u00a0\u00a0\u00a0\u00a0\u00a0\u00a0\u00a0\u00a0\u00a0\u00a0\u00a0\u00a0\u00a0\u00a0\u00a0 FECHA DE INGRESO<\/p>\n<p>Gailhou Carolina Marta\u00a0\u00a0\u00a0\u00a0\u00a0\u00a0\u00a0\u00a0\u00a0\u00a0\u00a0\u00a0\u00a0\u00a0\u00a0\u00a0\u00a0\u00a0\u00a0 04\/05\/88<\/p>\n<p>Leites Gabriel Ignacio\u00a0\u00a0\u00a0\u00a0\u00a0\u00a0\u00a0\u00a0\u00a0\u00a0\u00a0\u00a0\u00a0\u00a0\u00a0\u00a0\u00a0\u00a0\u00a0\u00a0\u00a0\u00a0 09\/08\/04<\/p>\n<p>Tortorello Graciela Mar\u00eda\u00a0\u00a0\u00a0\u00a0\u00a0\u00a0\u00a0\u00a0\u00a0\u00a0\u00a0\u00a0\u00a0\u00a0\u00a0 05\/08\/91<\/p>\n<p>L\u00e1zzaro Vito Antonio\u00a0\u00a0\u00a0\u00a0\u00a0\u00a0\u00a0\u00a0\u00a0\u00a0\u00a0\u00a0\u00a0\u00a0\u00a0\u00a0\u00a0\u00a0\u00a0\u00a0\u00a0\u00a0\u00a0 18\/04\/12<\/p>\n<p>Godoy Elsa Beatriz\u00a0\u00a0\u00a0\u00a0\u00a0\u00a0\u00a0\u00a0\u00a0\u00a0\u00a0\u00a0\u00a0\u00a0\u00a0\u00a0\u00a0\u00a0\u00a0\u00a0\u00a0\u00a0\u00a0\u00a0\u00a0\u00a0\u00a0 14\/05\/97<\/p>\n<p>Barenghi Nora\u00a0\u00a0\u00a0\u00a0\u00a0\u00a0\u00a0\u00a0\u00a0\u00a0\u00a0\u00a0\u00a0\u00a0\u00a0\u00a0\u00a0\u00a0\u00a0\u00a0\u00a0\u00a0\u00a0\u00a0\u00a0\u00a0\u00a0\u00a0\u00a0\u00a0\u00a0\u00a0\u00a0\u00a0\u00a0 10\/08\/09<\/p>\n<p><strong><u>CLAUSTRO DE ESTUDIANTES:LISTA ESTUDIANTES ACTIVAS-LISTA 1<\/u><\/strong><\/p>\n<p>APELLIDO Y NOMBRE\u00a0\u00a0\u00a0\u00a0\u00a0\u00a0\u00a0\u00a0\u00a0\u00a0\u00a0\u00a0\u00a0 \u00a0\u00a0\u00a0\u00a0\u00a0\u00a0\u00a0\u00a0MATERIAS APROBADAS 1\u00b0 a\u00f1o<\/p>\n<p>Alisal Natalia \u00a0\u00a0\u00a0\u00a0\u00a0\u00a0\u00a0\u00a0\u00a0\u00a0\u00a0\u00a0\u00a0\u00a0\u00a0\u00a0\u00a0\u00a0\u00a0\u00a0\u00a0\u00a0\u00a0\u00a0\u00a0\u00a0\u00a0\u00a0\u00a0\u00a0\u00a0\u00a0\u00a0\u00a0\u00a0\u00a0100%<\/p>\n<p>D\u00edaz Luciana\u00a0\u00a0\u00a0\u00a0\u00a0\u00a0\u00a0\u00a0\u00a0\u00a0\u00a0\u00a0\u00a0\u00a0\u00a0\u00a0\u00a0\u00a0\u00a0\u00a0\u00a0\u00a0\u00a0\u00a0\u00a0\u00a0\u00a0\u00a0\u00a0\u00a0\u00a0\u00a0\u00a0\u00a0\u00a0\u00a0\u00a0 100%<\/p>\n<p>Giorgiovich Brenda \u00a0\u00a0\u00a0\u00a0\u00a0\u00a0\u00a0\u00a0\u00a0\u00a0\u00a0\u00a0\u00a0\u00a0\u00a0\u00a0\u00a0\u00a0\u00a0\u00a0\u00a0\u00a0\u00a0\u00a0\u00a0100%<\/p>\n<p>Garc\u00eda Alejandra\u00a0\u00a0\u00a0\u00a0\u00a0\u00a0\u00a0\u00a0\u00a0\u00a0\u00a0\u00a0\u00a0\u00a0\u00a0\u00a0\u00a0\u00a0\u00a0\u00a0\u00a0\u00a0\u00a0\u00a0\u00a0\u00a0\u00a0\u00a0\u00a0\u00a0 100%<\/p>\n<p>Luna\u00a0 Gabriela Roc\u00edo\u00a0\u00a0\u00a0\u00a0\u00a0\u00a0\u00a0\u00a0\u00a0\u00a0\u00a0\u00a0\u00a0\u00a0\u00a0\u00a0\u00a0\u00a0\u00a0\u00a0\u00a0\u00a0\u00a0 100%<\/p>\n<p>Uribe Marcia\u00a0\u00a0\u00a0\u00a0\u00a0\u00a0\u00a0\u00a0\u00a0\u00a0\u00a0\u00a0\u00a0\u00a0\u00a0\u00a0\u00a0\u00a0\u00a0\u00a0\u00a0\u00a0\u00a0\u00a0\u00a0\u00a0\u00a0\u00a0\u00a0\u00a0\u00a0\u00a0\u00a0\u00a0\u00a0\u00a0\u00a0 100%<\/p>\n<p>&nbsp;<\/p>\n<p><strong><u>CLAUSTRO DE ESTUDIANTES:LISTA LA LUXEMBURGO-LISTA 2<\/u><\/strong><\/p>\n<p>Gatto Brenda \u00a0\u00a0\u00a0\u00a0\u00a0\u00a0\u00a0\u00a0\u00a0\u00a0\u00a0\u00a0\u00a0\u00a0\u00a0\u00a0\u00a0\u00a0\u00a0\u00a0\u00a0\u00a0\u00a0\u00a0\u00a0\u00a0\u00a0\u00a0100%<\/p>\n<p>Mora\u00a0 Sabrina\u00a0\u00a0\u00a0\u00a0\u00a0\u00a0\u00a0\u00a0\u00a0\u00a0\u00a0\u00a0\u00a0\u00a0\u00a0\u00a0\u00a0\u00a0\u00a0\u00a0\u00a0\u00a0\u00a0\u00a0\u00a0\u00a0\u00a0 100%<\/p>\n<p>Presa Iara\u00a0\u00a0\u00a0\u00a0\u00a0\u00a0\u00a0\u00a0\u00a0\u00a0\u00a0\u00a0\u00a0\u00a0\u00a0\u00a0\u00a0\u00a0\u00a0\u00a0\u00a0\u00a0\u00a0\u00a0\u00a0\u00a0\u00a0\u00a0\u00a0\u00a0\u00a0\u00a0\u00a0\u00a0 100%<\/p>\n<p>Estevez Romina\u00a0\u00a0\u00a0\u00a0\u00a0\u00a0\u00a0\u00a0\u00a0\u00a0\u00a0\u00a0\u00a0\u00a0\u00a0\u00a0\u00a0\u00a0\u00a0\u00a0\u00a0\u00a0\u00a0\u00a0 100%<\/p>\n<p>Juli\u00e1n Yanina\u00a0\u00a0\u00a0\u00a0\u00a0\u00a0\u00a0\u00a0\u00a0\u00a0\u00a0\u00a0\u00a0\u00a0\u00a0\u00a0\u00a0\u00a0\u00a0\u00a0\u00a0\u00a0\u00a0\u00a0\u00a0\u00a0\u00a0\u00a0\u00a0 100%<\/p>\n<p>Passarelli Tamara\u00a0\u00a0\u00a0\u00a0\u00a0\u00a0\u00a0\u00a0\u00a0\u00a0\u00a0\u00a0\u00a0\u00a0\u00a0\u00a0\u00a0\u00a0\u00a0\u00a0\u00a0 100%<\/p>\n<p>Felicitamos a todos los docentes y estudiantes que han decidido participar en las listas, para la constituci\u00f3n de un Consejo Acad\u00e9mico Institucional que contribuya a la participaci\u00f3n real en el instituto.<\/p>\n<p>A partir del d\u00eda de ma\u00f1ana y de acuerdo al cronograma que a continuaci\u00f3n se detalla y que ha sido consensuado por las listas del Claustro Estudiantil , las estudiantes integrantes actuales del Cai, y de las listas que se han presentado y oficializado , est\u00e1n autorizadas a recorrer los cursos para conversar con las estudiantes sobre las elecciones del Cai , y propuestas de sus respectivas listas.<\/p>\n<p>Solicitamos a los docentes permitir este di\u00e1logo y a las estudiantes hacer un uso adecuado del tiempo , y respetar la tem\u00e1tica establecida : Elecciones del Consejo Acad\u00e9mico Institucional.<\/p>\n<p>Toda otra tem\u00e1tica puede ser conversada en cualquier otro espacio y otro momento del Instituto que consideren adecuado, m\u00e1s all\u00e1 de los espacios de dictado de clases.<\/p>\n<p><strong>Cronograma de recorrida de cursos<\/strong><\/p>\n<p>Ambos turnos<\/p>\n<p>Mi\u00e9rcoles 15\/05: 1\u00b0 a 3\u00b0 a\u00f1o -Lista 2<\/p>\n<p>Jueves 16\/05: 1\u00b0 a 3\u00b0a\u00f1o\u00a0 -Lista 1- 4\u00b0 a\u00f1o -Lista 2<\/p>\n<p>Viernes 17\/05: 4\u00b0 a\u00f1o Lista 1<\/p>\n<p>Lunes 20\/05: 1\u00b0 a 3\u00b0 Lista\u00a0 2<\/p>\n<p>Martes 21\/05: 1\u00b0 a 4\u00b0 a\u00f1o: Lista 1- 4\u00b0 Lista 2<\/p>\n<p>Convocando a todas\/os\u00a0 a una masiva y real participaci\u00f3n\u00a0 saluda a uds cordialmente<\/p>\n<p>Profesora Mar\u00eda Fernanda M\u00e1rquez<\/p>\n<p>Directora Institucional ISFD N\u00b0 110<\/p>\n<h3><img decoding=\"async\" loading=\"lazy\" class=\"alignnone size-full wp-image-1192\" src=\"https:\/\/isfd110-bue.infd.edu.ar\/sitio\/wp-content\/uploads\/2019\/04\/cronograma-cai-1.bmp\" alt=\"\" width=\"502\" height=\"454\" \/><\/h3>\n<h3><\/h3>\n<h3 class=\"iw\"><span class=\"go\"><a href=\"https:\/\/isfd110-bue.infd.edu.ar\/sitio\/wp-content\/uploads\/2018\/10\/resoluci\u00f3n-4044-CAI.pdf\">resoluci\u00f3n 4044 CAI<\/a><\/span><\/h3>\n<h3 class=\"iw\"><span class=\"go\">isfd110cai@gmail.com<\/span><\/h3>\n","protected":false},"excerpt":{"rendered":"<p>A TODOS LOS INTEGRANTES DE LOS CLAUSTROS ESTUDIANTIL Y DOCENTE DEL ISFD N\u00b0 110 Por la presente informo a uds. que en el d\u00eda de la fecha , se ha presentado en la instituci\u00f3n la Avocadora del Consejo Escolar de Moreno, quien en su car\u00e1cter de Presidenta de la Junta Electoral ha oficializado las listas &#8230; <a title=\"Consejo Acad\u00e9mico Institucional\" class=\"read-more\" href=\"https:\/\/isfd110-bue.infd.edu.ar\/sitio\/consejo-academico-institucional\/\" aria-label=\"More on Consejo Acad\u00e9mico Institucional\">[+]<\/a><\/p>\n","protected":false},"author":1909,"featured_media":0,"parent":0,"menu_order":0,"comment_status":"closed","ping_status":"closed","template":"","meta":[],"acf":[],"_links":{"self":[{"href":"https:\/\/isfd110-bue.infd.edu.ar\/sitio\/wp-json\/wp\/v2\/pages\/903"}],"collection":[{"href":"https:\/\/isfd110-bue.infd.edu.ar\/sitio\/wp-json\/wp\/v2\/pages"}],"about":[{"href":"https:\/\/isfd110-bue.infd.edu.ar\/sitio\/wp-json\/wp\/v2\/types\/page"}],"author":[{"embeddable":true,"href":"https:\/\/isfd110-bue.infd.edu.ar\/sitio\/wp-json\/wp\/v2\/users\/1909"}],"replies":[{"embeddable":true,"href":"https:\/\/isfd110-bue.infd.edu.ar\/sitio\/wp-json\/wp\/v2\/comments?post=903"}],"version-history":[{"count":5,"href":"https:\/\/isfd110-bue.infd.edu.ar\/sitio\/wp-json\/wp\/v2\/pages\/903\/revisions"}],"predecessor-version":[{"id":1279,"href":"https:\/\/isfd110-bue.infd.edu.ar\/sitio\/wp-json\/wp\/v2\/pages\/903\/revisions\/1279"}],"wp:attachment":[{"href":"https:\/\/isfd110-bue.infd.edu.ar\/sitio\/wp-json\/wp\/v2\/media?parent=903"}],"curies":[{"name":"wp","href":"https:\/\/api.w.org\/{rel}","templated":true}]}}