{"id":898,"date":"2018-10-07T03:08:16","date_gmt":"2018-10-07T06:08:16","guid":{"rendered":"https:\/\/isfd110-bue.infd.edu.ar\/sitio\/?page_id=898"},"modified":"2025-08-22T15:02:06","modified_gmt":"2025-08-22T18:02:06","slug":"pases","status":"publish","type":"page","link":"https:\/\/isfd110-bue.infd.edu.ar\/sitio\/pases\/","title":{"rendered":"Pases"},"content":{"rendered":"<p>PASES PARA INGRESAR A LA INSTITUCI\u00d3N<\/p>\n<p>Alumnos ingresantes por pase de 2\u00ba a 4\u00ba a\u00f1o:<\/p>\n<ul>\n<li>Deber\u00e1n presentar en el instituto una nota\u00a0 dirigida a la Directora Prof. Mar\u00eda Fernanda, M\u00e1rquez<\/li>\n<\/ul>\n<ul>\n<li>En la nota deber\u00e1 detallar los motivos del pase y todo el desempe\u00f1o acad\u00e9mico (calificaciones de materias aprobadas, Condici\u00f3n Final-Recursa y a\u00f1o de cursada) Profesorado y todos los datos personales.<\/li>\n<\/ul>\n<ul>\n<li>\u00a0 \u00a0Adjuntar tambi\u00e9n en a la nota CONSTANCIA DE Anal\u00edtico incompleto Completando e imprimiendo la siguiente\u00a0<a href=\"https:\/\/drive.google.com\/file\/d\/1XX4Rqfvbyv7j42RHk5gQYYFJ-ACg4CB-\/view?usp=sharing\">planilla<\/a>.<\/li>\n<\/ul>\n<p>Las solicitudes de vacante para pase deber\u00edan presentarse para <strong>2\u00b0 y 3\u00b0 a\u00f1o<\/strong> a finales del mes de<strong> febrero<\/strong>\u00a0<strong>2026<\/strong>\u00a0porque se debe evaluar en el instituto las vacantes disponibles.<\/p>\n<p>Las notas de solicitud de vacante para pase que impliquen cursar campo de la pr\u00e1ctica de<strong> 3\u00b0 o 4\u00b0 a\u00f1o 2026 deber\u00e1n presentarse en el mes de noviembre de 2025 <\/strong>teniendo en cuenta el plan institucional de campo de la pr\u00e1ctica de 3\u00b0 y 4\u00b0 a\u00f1o.<\/p>\n<p>Recomendamos rendir los finales pendiente en la instituci\u00f3n de origen antes de solicitar el pase debido a que una vez matriculados como estudiantes de la instituci\u00f3n los finales deber\u00e1n darse teniendo en cuenta el programa vigente de la materia en nuestro instituto.<\/p>\n<p>Solicitar el pase no implica que el mismo sea aceptado, la instituci\u00f3n debe analizar la solicitud y emitir una respuesta en funci\u00f3n de las vacantes disponibles.<\/p>\n<p>PASES HACIA OTRA INSTITUCI\u00d3N<\/p>\n<p>Aquellas estudiantes que soliciten el pase hacia otra instituci\u00f3n deber\u00e1n presentar al equipo de conducci\u00f3n una nota de la instituci\u00f3n destino con la solicitud de env\u00edo de documentaci\u00f3n y constancia de vacante disponible.<\/p>\n","protected":false},"excerpt":{"rendered":"<p>PASES PARA INGRESAR A LA INSTITUCI\u00d3N Alumnos ingresantes por pase de 2\u00ba a 4\u00ba a\u00f1o: Deber\u00e1n presentar en el instituto una nota\u00a0 dirigida a la Directora Prof. Mar\u00eda Fernanda, M\u00e1rquez En la nota deber\u00e1 detallar los motivos del pase y todo el desempe\u00f1o acad\u00e9mico (calificaciones de materias aprobadas, Condici\u00f3n Final-Recursa y a\u00f1o de cursada) Profesorado &#8230; <a title=\"Pases\" class=\"read-more\" href=\"https:\/\/isfd110-bue.infd.edu.ar\/sitio\/pases\/\" aria-label=\"More on Pases\">[+]<\/a><\/p>\n","protected":false},"author":1909,"featured_media":0,"parent":0,"menu_order":0,"comment_status":"closed","ping_status":"closed","template":"","meta":[],"acf":[],"_links":{"self":[{"href":"https:\/\/isfd110-bue.infd.edu.ar\/sitio\/wp-json\/wp\/v2\/pages\/898"}],"collection":[{"href":"https:\/\/isfd110-bue.infd.edu.ar\/sitio\/wp-json\/wp\/v2\/pages"}],"about":[{"href":"https:\/\/isfd110-bue.infd.edu.ar\/sitio\/wp-json\/wp\/v2\/types\/page"}],"author":[{"embeddable":true,"href":"https:\/\/isfd110-bue.infd.edu.ar\/sitio\/wp-json\/wp\/v2\/users\/1909"}],"replies":[{"embeddable":true,"href":"https:\/\/isfd110-bue.infd.edu.ar\/sitio\/wp-json\/wp\/v2\/comments?post=898"}],"version-history":[{"count":10,"href":"https:\/\/isfd110-bue.infd.edu.ar\/sitio\/wp-json\/wp\/v2\/pages\/898\/revisions"}],"predecessor-version":[{"id":3725,"href":"https:\/\/isfd110-bue.infd.edu.ar\/sitio\/wp-json\/wp\/v2\/pages\/898\/revisions\/3725"}],"wp:attachment":[{"href":"https:\/\/isfd110-bue.infd.edu.ar\/sitio\/wp-json\/wp\/v2\/media?parent=898"}],"curies":[{"name":"wp","href":"https:\/\/api.w.org\/{rel}","templated":true}]}}