{"id":872,"date":"2018-10-06T17:18:47","date_gmt":"2018-10-06T20:18:47","guid":{"rendered":"https:\/\/isfd110-bue.infd.edu.ar\/sitio\/?page_id=872"},"modified":"2022-10-23T19:07:53","modified_gmt":"2022-10-23T22:07:53","slug":"normativa-2","status":"publish","type":"page","link":"https:\/\/isfd110-bue.infd.edu.ar\/sitio\/informacion-para-alumnos\/normativa-2\/","title":{"rendered":"Normativa Nacional y Provincial"},"content":{"rendered":"<p><a href=\"https:\/\/normas.gba.gob.ar\/documentos\/BEkoMfQ0.html\">Ley provincial 14637 sobre estudiantes embarazadas<\/a><\/p>\n<p><a href=\"https:\/\/isfd110-bue.infd.edu.ar\/sitio\/wp-content\/uploads\/2019\/07\/ley-centro-de-estudiantes.docx\">ley centro de estudiantes LEY 14581<\/a><\/p>\n<p><a href=\"https:\/\/isfd110-bue.infd.edu.ar\/sitio\/wp-content\/uploads\/2018\/10\/reglamento_general_de_las_instituciones_educativas.pdf\">Reglamento general de las instituciones educativas de la provincia de Buenos Aires (a\u00f1o 2011)<\/a><\/p>\n<p><a href=\"https:\/\/isfd110-bue.infd.edu.ar\/sitio\/wp-content\/uploads\/2018\/10\/dise\u00f1o-curricular-para-la-educaci\u00f3n-superior-nivel-inicial-y-primario.pdf\">dise\u00f1o curricular para la educaci\u00f3n superior nivel inicial y primario<\/a><\/p>\n<p><a href=\"https:\/\/docs.google.com\/document\/d\/1adl8tAmgGxLGl9z2Ch8_mWLHYWVFpwyq\/\">Resoluci\u00f3n 1117\/09 modifica las correlatividades de la res 4154\/07<\/a><\/p>\n<p><a href=\"https:\/\/isfd110-bue.infd.edu.ar\/sitio\/wp-content\/uploads\/2018\/10\/RESOLUCI\u00d3N-5886-cobertura-de-c\u00e1tedras-en-el-nivel-superior-a\u00f1o-2003.pdf\">RESOLUCI\u00d3N 5886 cobertura de c\u00e1tedras en el nivel superior a\u00f1o 2003<\/a><\/p>\n<p><a href=\"https:\/\/isfd110-bue.infd.edu.ar\/sitio\/wp-content\/uploads\/2018\/10\/LEY-N\u00b0-26.206-LEY-DE-EDUCACI\u00d3N-NACIONAL.pdf\">LEY N\u00b0 26.206 LEY DE EDUCACI\u00d3N NACIONAL<\/a><\/p>\n<p><a href=\"https:\/\/isfd110-bue.infd.edu.ar\/sitio\/wp-content\/uploads\/2018\/10\/Disposicion-30-05-Instructivo-confeccion-Proyectos-de-Catedra.doc\">Disposici\u00f3n 30-05 &#8211; Instructivo confecci\u00f3n Proyectos de C\u00e1tedra<\/a><\/p>\n<p><a href=\"https:\/\/isfd110-bue.infd.edu.ar\/sitio\/wp-content\/uploads\/2018\/10\/ley-24521-EDUCACION-SUPERIOR.pdf\">LEY NACIONAL DE EDUCACI\u00d3N SUPERIOR 24521<\/a><\/p>\n<p><a href=\"https:\/\/isfd110-bue.infd.edu.ar\/sitio\/wp-content\/uploads\/2018\/10\/Disposicion-77-04-PRECEPTORES-Superior.pdf\">Disposici\u00f3n-77-04-PRECEPTORES-Superior<\/a><\/p>\n<p><a href=\"https:\/\/isfd110-bue.infd.edu.ar\/sitio\/wp-content\/uploads\/2018\/10\/2011_Disposicion-12-Trayectos-formativos-opcionales-TAFOS.pdf\">2011_Disposici\u00f3n-12-Trayectos formativos opcionales TAFOS<\/a><\/p>\n<p><a href=\"https:\/\/isfd110-bue.infd.edu.ar\/sitio\/wp-content\/uploads\/2018\/10\/4900-centro-de-estudiantes.pdf\">4900 centro de estudiantes<\/a><\/p>\n<p><a href=\"https:\/\/isfd110-bue.infd.edu.ar\/sitio\/wp-content\/uploads\/2018\/10\/Resolucion-2383-05-Reglamento-de-Institutos-Superiores.doc\">Resoluci\u00f3n 2383-05 &#8211; Reglamento de Institutos Superiores<\/a><\/p>\n<p><a href=\"https:\/\/isfd110-bue.infd.edu.ar\/sitio\/wp-content\/uploads\/2018\/10\/Resoluci\u00f3n-4043-a\u00f1o-2009-Regimen-academico-marco.docx\">Resoluci\u00f3n 4043 a\u00f1o 2009 R\u00e9gimen acad\u00e9mico marco<\/a><\/p>\n<p><a href=\"https:\/\/isfd110-bue.infd.edu.ar\/sitio\/wp-content\/uploads\/2018\/10\/ley_10579.pdf\">ley_10579<\/a><\/p>\n<p><a href=\"https:\/\/isfd110-bue.infd.edu.ar\/sitio\/wp-content\/uploads\/2018\/10\/Ley-13.688-Educacion-Provincial.doc\">Ley 13.688 &#8211; Educaci\u00f3n Provincial<\/a><\/p>\n<p><a href=\"https:\/\/isfd110-bue.infd.edu.ar\/sitio\/wp-content\/uploads\/2018\/10\/resoluci\u00f3n-4044-CAI.pdf\">resoluci\u00f3n 4044 CAI\u00a0<\/a><\/p>\n<p><a href=\"https:\/\/isfd110-bue.infd.edu.ar\/sitio\/wp-content\/uploads\/2018\/10\/2947_05-Unidades-Acad\u00e9micas.pdf\">2947_05 Unidades Acad\u00e9micas<\/a><\/p>\n","protected":false},"excerpt":{"rendered":"<p>Ley provincial 14637 sobre estudiantes embarazadas ley centro de estudiantes LEY 14581 Reglamento general de las instituciones educativas de la provincia de Buenos Aires (a\u00f1o 2011) dise\u00f1o curricular para la educaci\u00f3n superior nivel inicial y primario Resoluci\u00f3n 1117\/09 modifica las correlatividades de la res 4154\/07 RESOLUCI\u00d3N 5886 cobertura de c\u00e1tedras en el nivel superior a\u00f1o &#8230; <a title=\"Normativa Nacional y Provincial\" class=\"read-more\" href=\"https:\/\/isfd110-bue.infd.edu.ar\/sitio\/informacion-para-alumnos\/normativa-2\/\" aria-label=\"More on Normativa Nacional y Provincial\">[+]<\/a><\/p>\n","protected":false},"author":1909,"featured_media":0,"parent":784,"menu_order":0,"comment_status":"closed","ping_status":"closed","template":"","meta":[],"acf":[],"_links":{"self":[{"href":"https:\/\/isfd110-bue.infd.edu.ar\/sitio\/wp-json\/wp\/v2\/pages\/872"}],"collection":[{"href":"https:\/\/isfd110-bue.infd.edu.ar\/sitio\/wp-json\/wp\/v2\/pages"}],"about":[{"href":"https:\/\/isfd110-bue.infd.edu.ar\/sitio\/wp-json\/wp\/v2\/types\/page"}],"author":[{"embeddable":true,"href":"https:\/\/isfd110-bue.infd.edu.ar\/sitio\/wp-json\/wp\/v2\/users\/1909"}],"replies":[{"embeddable":true,"href":"https:\/\/isfd110-bue.infd.edu.ar\/sitio\/wp-json\/wp\/v2\/comments?post=872"}],"version-history":[{"count":6,"href":"https:\/\/isfd110-bue.infd.edu.ar\/sitio\/wp-json\/wp\/v2\/pages\/872\/revisions"}],"predecessor-version":[{"id":3209,"href":"https:\/\/isfd110-bue.infd.edu.ar\/sitio\/wp-json\/wp\/v2\/pages\/872\/revisions\/3209"}],"up":[{"embeddable":true,"href":"https:\/\/isfd110-bue.infd.edu.ar\/sitio\/wp-json\/wp\/v2\/pages\/784"}],"wp:attachment":[{"href":"https:\/\/isfd110-bue.infd.edu.ar\/sitio\/wp-json\/wp\/v2\/media?parent=872"}],"curies":[{"name":"wp","href":"https:\/\/api.w.org\/{rel}","templated":true}]}}