{"id":831,"date":"2018-08-29T19:31:38","date_gmt":"2018-08-29T22:31:38","guid":{"rendered":"https:\/\/isfd110-bue.infd.edu.ar\/sitio\/personal-de-planta\/"},"modified":"2024-10-31T17:36:15","modified_gmt":"2024-10-31T20:36:15","slug":"personal-de-planta","status":"publish","type":"page","link":"https:\/\/isfd110-bue.infd.edu.ar\/sitio\/personal-de-planta\/","title":{"rendered":"Personal de planta"},"content":{"rendered":"<div>\n<table style=\"height: 350px; width: 1022px;\" border=\"0\" align=\"center\">\n<tbody>\n<tr>\n<td colspan=\"3\">\n<p class=\"Resaltado1\"><strong><span style=\"font-family: 'book antiqua', palatino; font-size: x-large;\">Preceptores<\/span><\/strong><\/p>\n<\/td>\n<\/tr>\n<tr>\n<td>\n<p class=\"Resaltado2\"><strong><span style=\"font-family: 'book antiqua', palatino; font-size: large;\">Turno Ma\u00f1ana<\/span><\/strong><\/p>\n<\/td>\n<td><strong><span style=\"font-family: 'book antiqua', palatino; font-size: large;\">Turno tarde\u00a0<\/span><\/strong><\/td>\n<td>\n<p class=\"Resaltado2\"><strong>Turno Vespertino<\/strong><\/p>\n<\/td>\n<\/tr>\n<tr>\n<td><span style=\"font-family: 'book antiqua', palatino; font-size: 14pt;\">Juli\u00e1n, Fernando<\/span><\/td>\n<td><span style=\"font-family: 'book antiqua', palatino; font-size: large;\">Juli\u00e1n, Fernando<\/span><\/td>\n<td>Sanabria, Viviana<\/td>\n<\/tr>\n<tr>\n<td><span style=\"font-family: 'book antiqua', palatino; font-size: 14pt;\">Vera, \u00c1ngel<\/span><\/td>\n<td><span style=\"font-family: 'book antiqua', palatino; font-size: large;\">Ordo\u00f1ez, Cristina<\/span><\/td>\n<td>Gailhou, Margarita<\/td>\n<\/tr>\n<tr>\n<td>Leites, Gabriel (Suplente: Alarc\u00f3n, Ruth)<\/td>\n<td>Sanabria Viviana<\/td>\n<td>\n<p style=\"text-align: left;\">\n<\/td>\n<\/tr>\n<tr>\n<td><\/td>\n<td><\/td>\n<td><\/td>\n<\/tr>\n<\/tbody>\n<\/table>\n<table style=\"height: 97px; width: 100%;\" border=\"0\">\n<tbody>\n<tr>\n<td colspan=\"3\">\n<p class=\"Resaltado1\"><span style=\"font-family: 'book antiqua', palatino; font-size: x-large;\">Bibliotecarias<\/span><\/p>\n<\/td>\n<\/tr>\n<tr>\n<td>\n<p class=\"Resaltado2\">\n<\/td>\n<td><span style=\"font-family: 'book antiqua', palatino; font-size: large;\">Turno Ma\u00f1ana<\/span><\/td>\n<td>\n<p class=\"Resaltado2\"><span style=\"font-family: 'book antiqua', palatino; font-size: large;\">Turno Tarde<\/span><\/p>\n<\/td>\n<\/tr>\n<tr>\n<td><\/td>\n<td>S\u00e1nchez, Evangelina<\/td>\n<td>Fajfer, Gladys<\/td>\n<\/tr>\n<\/tbody>\n<\/table>\n<table style=\"height: 156px; width: 100%;\" border=\"0\">\n<tbody>\n<tr>\n<td colspan=\"3\">\n<p class=\"Resaltado1\"><span style=\"font-family: 'book antiqua', palatino; font-size: x-large;\">Auxiliares<\/span><\/p>\n<\/td>\n<\/tr>\n<tr>\n<td>\n<p class=\"Resaltado2\"><span style=\"font-family: 'book antiqua', palatino; font-size: large;\">Turno Ma\u00f1ana<\/span><\/p>\n<\/td>\n<td><span style=\"font-family: 'book antiqua', palatino; font-size: large;\">Turno Tarde<\/span><\/td>\n<td>\n<p class=\"Resaltado2\">Turno Vespertino<\/p>\n<\/td>\n<\/tr>\n<tr>\n<td><span style=\"font-family: book antiqua, palatino; font-size: large;\">Po\u00f3s, Andrea<\/span><\/td>\n<td>Quevedo, D\u00e9bora (Suplente: Ju\u00e1rez, Natalia)<\/td>\n<td><span style=\"font-family: 'book antiqua', palatino; font-size: large;\">Salazar, Claudia<\/span><\/td>\n<\/tr>\n<tr>\n<td><span style=\"font-family: 'book antiqua', palatino; font-size: large;\"> Pereyra, Adriana (Suplente: Pereyra, Omar)<\/span><\/td>\n<td><\/td>\n<td>Pallero, Marina (Suplente: Caballero, Carolina)<\/td>\n<\/tr>\n<tr>\n<td>Burgue\u00f1o, Susana (Suplente: Quispe, Agapita)<\/td>\n<td><\/td>\n<td><\/td>\n<\/tr>\n<\/tbody>\n<\/table>\n<\/div>\n","protected":false},"excerpt":{"rendered":"<p>Preceptores Turno Ma\u00f1ana Turno tarde\u00a0 Turno Vespertino Juli\u00e1n, Fernando Juli\u00e1n, Fernando Sanabria, Viviana Vera, \u00c1ngel Ordo\u00f1ez, Cristina Gailhou, Margarita Leites, Gabriel (Suplente: Alarc\u00f3n, Ruth) Sanabria Viviana Bibliotecarias Turno Ma\u00f1ana Turno Tarde S\u00e1nchez, Evangelina Fajfer, Gladys Auxiliares Turno Ma\u00f1ana Turno Tarde Turno Vespertino Po\u00f3s, Andrea Quevedo, D\u00e9bora (Suplente: Ju\u00e1rez, Natalia) Salazar, Claudia Pereyra, Adriana (Suplente: Pereyra, &#8230; <a title=\"Personal de planta\" class=\"read-more\" href=\"https:\/\/isfd110-bue.infd.edu.ar\/sitio\/personal-de-planta\/\" aria-label=\"More on Personal de planta\">[+]<\/a><\/p>\n","protected":false},"author":23,"featured_media":0,"parent":0,"menu_order":0,"comment_status":"closed","ping_status":"closed","template":"","meta":[],"acf":[],"_links":{"self":[{"href":"https:\/\/isfd110-bue.infd.edu.ar\/sitio\/wp-json\/wp\/v2\/pages\/831"}],"collection":[{"href":"https:\/\/isfd110-bue.infd.edu.ar\/sitio\/wp-json\/wp\/v2\/pages"}],"about":[{"href":"https:\/\/isfd110-bue.infd.edu.ar\/sitio\/wp-json\/wp\/v2\/types\/page"}],"author":[{"embeddable":true,"href":"https:\/\/isfd110-bue.infd.edu.ar\/sitio\/wp-json\/wp\/v2\/users\/23"}],"replies":[{"embeddable":true,"href":"https:\/\/isfd110-bue.infd.edu.ar\/sitio\/wp-json\/wp\/v2\/comments?post=831"}],"version-history":[{"count":12,"href":"https:\/\/isfd110-bue.infd.edu.ar\/sitio\/wp-json\/wp\/v2\/pages\/831\/revisions"}],"predecessor-version":[{"id":3586,"href":"https:\/\/isfd110-bue.infd.edu.ar\/sitio\/wp-json\/wp\/v2\/pages\/831\/revisions\/3586"}],"wp:attachment":[{"href":"https:\/\/isfd110-bue.infd.edu.ar\/sitio\/wp-json\/wp\/v2\/media?parent=831"}],"curies":[{"name":"wp","href":"https:\/\/api.w.org\/{rel}","templated":true}]}}