{"id":804,"date":"2018-08-29T19:31:28","date_gmt":"2018-08-29T22:31:28","guid":{"rendered":"https:\/\/isfd110-bue.infd.edu.ar\/sitio\/horarios\/"},"modified":"2022-10-20T08:51:13","modified_gmt":"2022-10-20T11:51:13","slug":"horarios","status":"publish","type":"page","link":"https:\/\/isfd110-bue.infd.edu.ar\/sitio\/horarios\/","title":{"rendered":"Horarios"},"content":{"rendered":"<p class=\"Resaltado1\"><span style=\"font-family: book antiqua,palatino; font-size: xx-large;\">Biblioteca \u00abEl Principito\u00bb<\/span><\/p>\n<p class=\"Resaltado2\" style=\"margin: 0cm 0cm 0pt;\"><span style=\"font-family: book antiqua,palatino; font-size: xx-large;\">Horarios de atenci\u00f3n\u00a0<\/span><\/p>\n<h6><\/h6>\n<p><a href=\"mailto:isfd110biblioteca@gmail.com\" target=\"_blank\" rel=\"noopener\">isfd110biblioteca@gmail.com<\/a><\/p>\n<p><span style=\"font-family: book antiqua,palatino; font-size: x-large;\"><strong>Lunes a viernes<\/strong><\/span><\/p>\n<ul>\n<li>\n<div class=\"MsoNormal\" style=\"margin: 0cm 0cm 0pt;\"><span style=\"font-family: book antiqua,palatino; font-size: large;\">Turno Ma\u00f1ana : 8.15 a 12.15<\/span><\/div>\n<\/li>\n<li class=\"MsoNormal\" style=\"margin: 0cm 0cm 0pt;\">\n<div><span style=\"font-family: book antiqua,palatino; font-size: large;\">Turno Tarde : 13.15 a 17.15 <\/span><\/div>\n<\/li>\n<\/ul>\n<p><span style=\"font-family: book antiqua,palatino; font-size: large;\">\u00a0<\/span><\/p>\n<blockquote>\n<p class=\"MsoNormal\" style=\"margin: 0cm 0cm 0pt;\"><span style=\"font-family: book antiqua,palatino;\"><span style=\"font-size: large;\">La biblioteca est\u00e1 abierta a toda la comunidad educativa para hacer consultas en sala y trabajar con los materiales en el \u00e1mbito de la Instituci\u00f3n.<\/span><\/span><\/p>\n<p class=\"MsoNormal\" style=\"margin: 0cm 0cm 0pt;\"><span style=\"font-family: book antiqua,palatino;\"><span style=\"font-size: large;\">Para llevar libros a domicilio los usuarios deben asociarse<\/span><\/span><\/p>\n<p class=\"MsoNormal\" style=\"margin: 0cm 0cm 0pt;\">\n<div style=\"text-align: center;\"><img decoding=\"async\" src=\"https:\/\/isfd110-bue.infd.edu.ar\/sitio\/wp-content\/uploads\/2018\/08\/Libros.gif\" alt=\"Libros\" border=\"0\" \/><\/div>\n<\/blockquote>\n","protected":false},"excerpt":{"rendered":"<p>Biblioteca \u00abEl Principito\u00bb Horarios de atenci\u00f3n\u00a0 isfd110biblioteca@gmail.com Lunes a viernes Turno Ma\u00f1ana : 8.15 a 12.15 Turno Tarde : 13.15 a 17.15 \u00a0 La biblioteca est\u00e1 abierta a toda la comunidad educativa para hacer consultas en sala y trabajar con los materiales en el \u00e1mbito de la Instituci\u00f3n. Para llevar libros a domicilio los usuarios &#8230; <a title=\"Horarios\" class=\"read-more\" href=\"https:\/\/isfd110-bue.infd.edu.ar\/sitio\/horarios\/\" aria-label=\"More on Horarios\">[+]<\/a><\/p>\n","protected":false},"author":23,"featured_media":0,"parent":0,"menu_order":0,"comment_status":"closed","ping_status":"closed","template":"","meta":[],"acf":[],"_links":{"self":[{"href":"https:\/\/isfd110-bue.infd.edu.ar\/sitio\/wp-json\/wp\/v2\/pages\/804"}],"collection":[{"href":"https:\/\/isfd110-bue.infd.edu.ar\/sitio\/wp-json\/wp\/v2\/pages"}],"about":[{"href":"https:\/\/isfd110-bue.infd.edu.ar\/sitio\/wp-json\/wp\/v2\/types\/page"}],"author":[{"embeddable":true,"href":"https:\/\/isfd110-bue.infd.edu.ar\/sitio\/wp-json\/wp\/v2\/users\/23"}],"replies":[{"embeddable":true,"href":"https:\/\/isfd110-bue.infd.edu.ar\/sitio\/wp-json\/wp\/v2\/comments?post=804"}],"version-history":[{"count":4,"href":"https:\/\/isfd110-bue.infd.edu.ar\/sitio\/wp-json\/wp\/v2\/pages\/804\/revisions"}],"predecessor-version":[{"id":3195,"href":"https:\/\/isfd110-bue.infd.edu.ar\/sitio\/wp-json\/wp\/v2\/pages\/804\/revisions\/3195"}],"wp:attachment":[{"href":"https:\/\/isfd110-bue.infd.edu.ar\/sitio\/wp-json\/wp\/v2\/media?parent=804"}],"curies":[{"name":"wp","href":"https:\/\/api.w.org\/{rel}","templated":true}]}}