{"id":802,"date":"2018-08-29T19:31:27","date_gmt":"2018-08-29T22:31:27","guid":{"rendered":"https:\/\/isfd110-bue.infd.edu.ar\/sitio\/docentes\/"},"modified":"2024-10-31T17:39:13","modified_gmt":"2024-10-31T20:39:13","slug":"docentes","status":"publish","type":"page","link":"https:\/\/isfd110-bue.infd.edu.ar\/sitio\/docentes\/","title":{"rendered":"Docentes"},"content":{"rendered":"<p class=\"Resaltado1\" style=\"margin: 0cm 0cm 0pt;\" align=\"center\"><span style=\"font-size: 10pt; font-family: Arial;\"><span style=\"color: #000000; font-family: 'book antiqua', palatino; font-size: x-large;\">\u00a0Cuerpo Docente<\/span><\/span><\/p>\n<h1 class=\"MsoNormal\" style=\"margin: 0cm 0cm 0pt;\" align=\"center\"><span style=\"font-family: 'book antiqua', palatino;\"><span style=\"font-size: 13.3333px;\">\u00a0<\/span><\/span><\/h1>\n<p style=\"text-align: center;\">AGUIRRE, ALBA<\/p>\n<p style=\"text-align: center;\">ARMELLA, CECILIA<\/p>\n<p style=\"text-align: center;\">BELLOMO, SOF\u00cdA<\/p>\n<p style=\"text-align: center;\">BERARDI, ALEJANDRO ALFREDO<\/p>\n<p style=\"text-align: center;\">BREGANT, LETICIA<\/p>\n<p style=\"text-align: center;\">BORGNIA, HECTOR FEDERICO<\/p>\n<p style=\"text-align: center;\">BULETTI, SABRINA<\/p>\n<p style=\"text-align: center;\">CAIR\u00d3, MAR\u00cdA EUGENIA<\/p>\n<p style=\"text-align: center;\">CANTEROS, VANESA ARACELI<\/p>\n<p style=\"text-align: center;\">CARAMANOUKIAN MARIA MARTHA<\/p>\n<p style=\"text-align: center;\">CARRERA, MARIA CECILIA<\/p>\n<p style=\"text-align: center;\">C\u00d3RDOBA, ILEANA<\/p>\n<p style=\"text-align: center;\">CURA, LORENA<\/p>\n<p style=\"text-align: center;\">DELGADO, NOELIA<\/p>\n<p style=\"text-align: center;\">\u00a0DENIES, SILVANA<\/p>\n<p style=\"text-align: center;\">DI SANTI, PATRICIA MABEL<\/p>\n<p style=\"text-align: center;\">GARCIA, MARCELO<\/p>\n<p style=\"text-align: center;\">GAUNA, CHRISTIAN<\/p>\n<p style=\"text-align: center;\">GODOY, ELSA BEATRIZ<\/p>\n<p style=\"text-align: center;\">HOFFMEISTER, CECILIA MARISA<\/p>\n<p style=\"text-align: center;\">IMELIO, ANDREA<\/p>\n<p style=\"text-align: center;\">ISUNZA, MARIA SOLEDAD<\/p>\n<p style=\"text-align: center;\">L\u00d3PEZ, PAULO SEBASTI\u00c1N<\/p>\n<p style=\"text-align: center;\">LUNGHI, MARINA<\/p>\n<p style=\"text-align: center;\">MAISON, PAOLA ALEJANDRA<\/p>\n<p style=\"text-align: center;\">MALDONADO, ADRIANA ESTHER<\/p>\n<p style=\"text-align: center;\">M\u00c1RQUEZ, MAR\u00cdA FERNANDA<\/p>\n<p style=\"text-align: center;\">MENGHI, NORA CRISTINA<\/p>\n<p style=\"text-align: center;\">OCCHIODORO, ANAL\u00cdA IN\u00c9S<\/p>\n<p style=\"text-align: center;\">OCKER, SANDRA ELISA<\/p>\n<p style=\"text-align: center;\">ORELLANO, LILIANA<\/p>\n<p style=\"text-align: center;\">ORLANDO, GABRIELA BEATRIZ<\/p>\n<p style=\"text-align: center;\">ORMELLA, DIEGO<\/p>\n<p style=\"text-align: center;\">ORSINI, MAR\u00cdA DEL ROSARIO<\/p>\n<p style=\"text-align: center;\">PER\u00c9Z, MAR\u00cdA DEL CARMEN<\/p>\n<p style=\"text-align: center;\">PIGNATARO, ADRIANA<\/p>\n<p style=\"text-align: center;\">PENSA, MARCELA<\/p>\n<p style=\"text-align: center;\">POSADO, MARA VANESA<\/p>\n<p style=\"text-align: center;\">POSSENTI, ANABELLA CLAUDIA<\/p>\n<p style=\"text-align: center;\">QUINTANA, YANINA<\/p>\n<p style=\"text-align: center;\">RICO, EVANGELINA<\/p>\n<p style=\"text-align: center;\">ROBLES, PAULA<\/p>\n<p style=\"text-align: center;\">RUSSO, SANDRA<\/p>\n<p style=\"text-align: center;\">VALLEJOS, FLORIANA<\/p>\n<p style=\"text-align: center;\">V\u00c1ZQUEZ, MARIANA FLORENCIA<\/p>\n<p style=\"text-align: center;\">VEIGA, MAR\u00cdA EUGENIA<\/p>\n<p style=\"text-align: center;\">ZURITA, MAR\u00cdA JULIA<\/p>\n<p style=\"text-align: center;\">\n","protected":false},"excerpt":{"rendered":"<p>\u00a0Cuerpo Docente \u00a0 AGUIRRE, ALBA ARMELLA, CECILIA BELLOMO, SOF\u00cdA BERARDI, ALEJANDRO ALFREDO BREGANT, LETICIA BORGNIA, HECTOR FEDERICO BULETTI, SABRINA CAIR\u00d3, MAR\u00cdA EUGENIA CANTEROS, VANESA ARACELI CARAMANOUKIAN MARIA MARTHA CARRERA, MARIA CECILIA C\u00d3RDOBA, ILEANA CURA, LORENA DELGADO, NOELIA \u00a0DENIES, SILVANA DI SANTI, PATRICIA MABEL GARCIA, MARCELO GAUNA, CHRISTIAN GODOY, ELSA BEATRIZ HOFFMEISTER, CECILIA MARISA IMELIO, ANDREA &#8230; <a title=\"Docentes\" class=\"read-more\" href=\"https:\/\/isfd110-bue.infd.edu.ar\/sitio\/docentes\/\" aria-label=\"More on Docentes\">[+]<\/a><\/p>\n","protected":false},"author":23,"featured_media":0,"parent":0,"menu_order":0,"comment_status":"closed","ping_status":"closed","template":"","meta":[],"acf":[],"_links":{"self":[{"href":"https:\/\/isfd110-bue.infd.edu.ar\/sitio\/wp-json\/wp\/v2\/pages\/802"}],"collection":[{"href":"https:\/\/isfd110-bue.infd.edu.ar\/sitio\/wp-json\/wp\/v2\/pages"}],"about":[{"href":"https:\/\/isfd110-bue.infd.edu.ar\/sitio\/wp-json\/wp\/v2\/types\/page"}],"author":[{"embeddable":true,"href":"https:\/\/isfd110-bue.infd.edu.ar\/sitio\/wp-json\/wp\/v2\/users\/23"}],"replies":[{"embeddable":true,"href":"https:\/\/isfd110-bue.infd.edu.ar\/sitio\/wp-json\/wp\/v2\/comments?post=802"}],"version-history":[{"count":9,"href":"https:\/\/isfd110-bue.infd.edu.ar\/sitio\/wp-json\/wp\/v2\/pages\/802\/revisions"}],"predecessor-version":[{"id":3588,"href":"https:\/\/isfd110-bue.infd.edu.ar\/sitio\/wp-json\/wp\/v2\/pages\/802\/revisions\/3588"}],"wp:attachment":[{"href":"https:\/\/isfd110-bue.infd.edu.ar\/sitio\/wp-json\/wp\/v2\/media?parent=802"}],"curies":[{"name":"wp","href":"https:\/\/api.w.org\/{rel}","templated":true}]}}