{"id":2893,"date":"2021-07-13T12:23:11","date_gmt":"2021-07-13T15:23:11","guid":{"rendered":"https:\/\/isfd110-bue.infd.edu.ar\/sitio\/?page_id=2893"},"modified":"2024-05-16T17:57:33","modified_gmt":"2024-05-16T20:57:33","slug":"cipe","status":"publish","type":"page","link":"https:\/\/isfd110-bue.infd.edu.ar\/sitio\/cipe\/","title":{"rendered":"CIPE"},"content":{"rendered":"<p>Los CIPES son organismos que funcionan en los Institutos de Formaci\u00f3n Superior, orientados al fortalecimiento jurisdiccional de las Pol\u00edticas Estudiantiles. Una de sus principales funciones es generar condiciones institucionales que alienten la participaci\u00f3n de las distintas voces, el di\u00e1logo entre los estudiantes, entre estudiantes y profesores, entre estudiantes y el equipo directivo, y tambi\u00e9n en estrechar el v\u00ednculo entre el Instituto y el resto de la comunidad.<\/p>\n<p>El objetivo central para este a\u00f1o ser\u00e1 facilitar espacios de escucha y di\u00e1logo entre los diferentes actores institucionales, con el fin de resolver situaciones que obstaculicen el trayecto formativo.<\/p>\n<p>CIPE 2024: Rondinella, Camila<\/p>\n","protected":false},"excerpt":{"rendered":"<p>Los CIPES son organismos que funcionan en los Institutos de Formaci\u00f3n Superior, orientados al fortalecimiento jurisdiccional de las Pol\u00edticas Estudiantiles. Una de sus principales funciones es generar condiciones institucionales que alienten la participaci\u00f3n de las distintas voces, el di\u00e1logo entre los estudiantes, entre estudiantes y profesores, entre estudiantes y el equipo directivo, y tambi\u00e9n en &#8230; <a title=\"CIPE\" class=\"read-more\" href=\"https:\/\/isfd110-bue.infd.edu.ar\/sitio\/cipe\/\" aria-label=\"More on CIPE\">[+]<\/a><\/p>\n","protected":false},"author":1671,"featured_media":0,"parent":0,"menu_order":0,"comment_status":"closed","ping_status":"closed","template":"","meta":[],"acf":[],"_links":{"self":[{"href":"https:\/\/isfd110-bue.infd.edu.ar\/sitio\/wp-json\/wp\/v2\/pages\/2893"}],"collection":[{"href":"https:\/\/isfd110-bue.infd.edu.ar\/sitio\/wp-json\/wp\/v2\/pages"}],"about":[{"href":"https:\/\/isfd110-bue.infd.edu.ar\/sitio\/wp-json\/wp\/v2\/types\/page"}],"author":[{"embeddable":true,"href":"https:\/\/isfd110-bue.infd.edu.ar\/sitio\/wp-json\/wp\/v2\/users\/1671"}],"replies":[{"embeddable":true,"href":"https:\/\/isfd110-bue.infd.edu.ar\/sitio\/wp-json\/wp\/v2\/comments?post=2893"}],"version-history":[{"count":11,"href":"https:\/\/isfd110-bue.infd.edu.ar\/sitio\/wp-json\/wp\/v2\/pages\/2893\/revisions"}],"predecessor-version":[{"id":3576,"href":"https:\/\/isfd110-bue.infd.edu.ar\/sitio\/wp-json\/wp\/v2\/pages\/2893\/revisions\/3576"}],"wp:attachment":[{"href":"https:\/\/isfd110-bue.infd.edu.ar\/sitio\/wp-json\/wp\/v2\/media?parent=2893"}],"curies":[{"name":"wp","href":"https:\/\/api.w.org\/{rel}","templated":true}]}}