{"id":2764,"date":"2020-09-22T14:59:31","date_gmt":"2020-09-22T17:59:31","guid":{"rendered":"https:\/\/isfd110-bue.infd.edu.ar\/sitio\/?page_id=2764"},"modified":"2021-03-19T17:02:55","modified_gmt":"2021-03-19T20:02:55","slug":"ingresantes-ciclo-lectivo-2021","status":"publish","type":"page","link":"https:\/\/isfd110-bue.infd.edu.ar\/sitio\/ingresantes-ciclo-lectivo-2021\/","title":{"rendered":"INSCRIPCIONES CICLO LECTIVO 2021"},"content":{"rendered":"<h1><span style=\"color: #0000ff;\"><strong>\u00a0<\/strong><strong>Ingresantes 2021<\/strong>\u00a0<strong>I.S.F.D. N\u00b0110<\/strong><\/span><\/h1>\n<p><strong>Los aspirantes al Profesorado de Educaci\u00f3n Inicial del ISFD N\u00ba110 \u201cMercedes de Lasala y Riglos\u201d realizar\u00e1n su ingreso en <span style=\"color: #0000ff;\">3 etapas, todas son obligatorias para finalizar la inscripci\u00f3n. La primera etapa a realizarse en diciembre de 2020 y otra en marzo de 2021 (solo para preinscriptos en diciembre que recibieron confirmaci\u00f3n de preinscripci\u00f3n)<\/span>,\u00a0por favor,\u00a0lea atentamente cada paso\u00a0hasta el final de la p\u00e1gina, siga bajando con el cursor.\u00a0<\/strong><\/p>\n<p><strong><span style=\"color: #ff0000;\">Solicitamos leer con atenci\u00f3n debido a la alta demanda no podr\u00e1n responderse por mail consultas vinculadas a la informaci\u00f3n disponible en este espacio.<\/span><\/strong><\/p>\n<h1><span style=\"color: #0000ff;\"><strong>1\u00ba Etapa:\u00a0Pre-Inscripci\u00f3n Institucional\u00a0(9 al 16 de Diciembre de 2020).<\/strong><\/span><\/h1>\n<p>Antes de iniciar las etapas deber\u00e1 contar\u00a0<strong>OBLIGATORIAMENTE<\/strong>\u00a0con una cuenta de correo electr\u00f3nico de\u00a0<strong>Gmail<\/strong>.<\/p>\n<p><img decoding=\"async\" loading=\"lazy\" class=\"alignnone size-full wp-image-2788\" src=\"https:\/\/isfd110-bue.infd.edu.ar\/sitio\/wp-content\/uploads\/2020\/11\/dni.jpg\" alt=\"\" width=\"285\" height=\"177\" \/><\/p>\n<p><strong>Formulario Institucional Online<\/strong><\/p>\n<p><strong>A:<\/strong>\u00a0Completar el\u00a0<strong>Formulario Institucional online <span style=\"color: #0000ff;\">entre el 9 y el 16 de diciembre<\/span><\/strong>, enviar y continuar luego en el mes de marzo con la Segunda Etapa<\/p>\n<p>Deber\u00e1 adjuntar a este formulario solo la cara de frente del DNI, tenerla escaneado previamente, el formulario no le permitir\u00e1 completarlo si no carga la foto de su DNI.<\/p>\n<p><span style=\"color: #0000ff;\">\u21d3<\/span><\/p>\n<p><strong>\u21d2 Formulario Institucional online Profesorado de Educaci\u00f3n Inicial\u00a0\u00a0\u00a0\u21d0\u00a0 \u00a0(se encuentra desactivado porque finaliz\u00f3 la fecha)<\/strong><\/p>\n<p><span style=\"color: #0000ff;\">\u21d1\u00a0 \u00a0<\/span><\/p>\n<p><strong><span style=\"color: #ff0000;\">La instituci\u00f3n cuenta con un n\u00famero de vacantes limitado por lo cual el formulario una vez alcanzadas las vacantes disponibles autom\u00e1ticamente no permitir\u00e1 m\u00e1s inscripciones.<\/span><\/strong> Las vacantes disponibles son 250 en total, incluye los tres turnos de cursada.\u00a0 <span style=\"color: #ff0000;\">No se encuentran m\u00e1s vacantes disponibles el d\u00eda 10-12 a las 16 hs se registr\u00f3 en el formulario la \u00faltima preinscripci\u00f3n completando las 250 vacantes disponibles.<\/span><\/p>\n<p>Se realizar\u00e1 una<span style=\"color: #0000ff;\"> inscripci\u00f3n complementaria el 17 y el 18 de diciembre<\/span>. Las personas que se inscriban en dichas fechas quedar\u00e1n en un<span style=\"color: #0000ff;\"> listado de espera<\/span> y ser\u00e1n informadas de producirse la liberaci\u00f3n de alguna vacante.<\/p>\n<p><span style=\"color: #ff0000;\">\u21d3<\/span><\/p>\n<p><span style=\"color: #ff0000;\">\u00a0link para la inscripci\u00f3n complementaria los d\u00edas 17 y 18 de diciembre<\/span><b>.<span style=\"color: #ff0000;\">\u21d0<strong>(se encuentra desactivado porque finaliz\u00f3 la fecha)<\/strong><\/span><\/b><\/p>\n<p><span style=\"color: #ff0000;\">\u21d1<\/span><\/p>\n<p><b>Inscripci\u00f3n\u00a0que ser\u00e1 para conformar un listado de espera de vacantes. El listado se conformar\u00e1 por orden de inscripci\u00f3n. El formulario se encontrar\u00e1 activo desde las 7:00 am del 17 de diciembre hasta las 24:00 del 18 de diciembre<\/b><\/p>\n<p>El env\u00edo de este formulario institucional, <span style=\"color: #0000ff;\">NO IMPLICA que est\u00e9 ya inscripto<\/span>; s\u00f3lo tendr\u00e1 su vacante al terminar con la 2\u00b0 etapa de la inscripci\u00f3n y hacer el Curso de Inicio correspondiente a partir del mes de marzo. No asegura tampoco la asignaci\u00f3n del turno de cursada que indic\u00f3 como preferencia. <strong>La asignaci\u00f3n del turno se realizar\u00e1 el mes de abril una vez transitada la primera parte del curso de ingreso y por sorteo. <\/strong>El\u00a0turno ma\u00f1ana y el turno verpertino tienen m\u00e1s demanda que el turno tarde en relaci\u00f3n a las vacantes disponibles.<\/p>\n<h1><span style=\"color: #0000ff;\"><strong>2\u00b0 Etapa\u00a0de la inscripci\u00f3n\u00a0<\/strong><\/span><\/h1>\n<p><strong><span style=\"color: #0000ff;\">(solo para preinscriptos en diciembre que recibieron confirmaci\u00f3n de preinscripci\u00f3n)<\/span><\/strong><\/p>\n<p>Al comenzar el Curso inicial de ingreso y durante el transcurso del mismo deber\u00e1 presentar toda la documentaci\u00f3n seg\u00fan el siguiente procedimiento.<\/p>\n<h2><span style=\"color: #000080;\"><strong>PASO: A <\/strong><strong>(1 al 5 de marzo)<\/strong><\/span><\/h2>\n<h3><span style=\"color: #ff0000;\"><strong>Subir a la carpeta de Google Drive que le enviaremos a su cuenta de Gmail (1 al 5 de marzo de 2021. Comisi\u00f3n 5 del 3 al 9 de mazo) \u00a0la siguiente documentaci\u00f3n\u00a0<\/strong>(complete este paso durante esa semana de marzo, pero la documentaci\u00f3n digitalizada prep\u00e1rela lo antes posible)<\/span><\/h3>\n<p><strong>1 \u2013<a href=\"https:\/\/drive.google.com\/file\/d\/1rAfDYHO1RCqFb-VPsupRSunsCeJKSbu2\/view?usp=sharing\">\u00a0Solicitud de Inscripci\u00f3n<\/a>\u00a0:<\/strong><\/p>\n<ul>\n<li>Bajar la solicitud, completarla, firmarla y adherirle una foto en el recuadro.<\/li>\n<li>Escanearla y subirlo a la carpeta Google Drive que le fue enviada a su correo electr\u00f3nico.<\/li>\n<\/ul>\n<p><strong>\u00a02 \u2013Apto psicof\u00edsico, (<\/strong>con\u00a0<strong><em>firma y sello del profesional o los profesionales bien legible y<\/em><\/strong><em>\u00a0con <strong>fecha de emisi\u00f3n<\/strong><\/em>, escanear \u00a0y adjuntar). HAY\u00a0<strong>TIEMPO<\/strong>\u00a0para enviarla<strong>\u00a0hasta el 30 de abril de 20<\/strong><strong>21<\/strong>.<\/p>\n<p><strong>3 \u2013\u00a0DNI<\/strong>\u00a0(escanear 1\u00ba y 2\u00ba hoja y subirlo a la carpeta Google Drive que le fue enviada a su correo electr\u00f3nico )<\/p>\n<p><strong>4 \u2013\u00a0T\u00edtulo de Escuela Secundaria<\/strong>,\u00a0<em>si es anterior al a\u00f1o 2010<\/em>\u00a0,con\u00a0sello del Ministerio del Interior.<\/p>\n<ul>\n<li>Si todav\u00eda no tiene el t\u00edtulo pedir un certificado de t\u00edtulo en tr\u00e1mite actualizado\u00a0 (vence CADA 60 d\u00edas). Escanear y adjuntar al mail.<\/li>\n<li>Para escanear el certificado anal\u00edtico, hacer una fotocopia con reducci\u00f3n en hoja A4 y despu\u00e9s escanearlo.<\/li>\n<li><strong>No se aceptar\u00e1n documentos escaneados por partes.<\/strong><\/li>\n<li>Si todav\u00eda est\u00e1 cursando el \u00faltimo a\u00f1o del secundario, pedir una Constancia de Alumno Regular en donde figura qu\u00e9 a\u00f1o est\u00e1 realizando y si se adeudan materias . Una vez finalizado el mismo se deber\u00e1 tramitar la Constancia de T\u00edtulo en Tr\u00e1mite, seg\u00fan se se\u00f1al\u00f3 en p\u00e1rrafo anterior.<\/li>\n<li>Quienes se inscriben con Constancia de Alumno regular,\u00a0<strong><em>adeudando alguna asignatura<\/em><\/strong>, \u00a0conformar\u00e1n una lista de\u00a0espera <strong><em>de asignaci\u00f3n de vacante \u00a0<\/em><\/strong>hasta abril de 2021.<\/li>\n<\/ul>\n<p><strong>5 \u2013\u00a0<\/strong><a href=\"https:\/\/drive.google.com\/file\/d\/1f0lWzj08nWzRKjcaeM7WEjCeckEw7ChF\/view?usp=sharing\"><strong>Ficha de Certificaci\u00f3n de la Inscripci\u00f3n<\/strong><\/a><strong>\u00a0<\/strong>(descargar, imprimir y llevar\u00a0VAC\u00cdA\u00a0al ISFD\u00a0 el d\u00eda de la presentaci\u00f3n de la documentaci\u00f3n original en abril con turno).<\/p>\n<p><strong>Env\u00edo de documentaci\u00f3n:<\/strong><\/p>\n<p>Deber\u00e1n enviar toda la documentaci\u00f3n\u00a0<strong>ANTERIORMENTE MENCIONADA<\/strong>,\u00a0 a la Carpeta de Google drive que es de su uso personal y que el Instituto le habilit\u00f3,\u00a0<strong>previamente digitalizada,<\/strong><\/p>\n<p><strong>Informaci\u00f3n para los aspirantes que tienen t\u00edtulo secundario del extranjero\u00a0aqu\u00ed<\/strong><\/p>\n<p>Consultas sobre documentaci\u00f3n en carpeta drive: ingresantesriglos110@gmail.com<\/p>\n<h2><span style=\"color: #000080;\"><strong>PASO: B <\/strong><strong>(Abril de 2021)<\/strong><\/span><\/h2>\n<h3><span style=\"color: #ff0000;\"><strong>Verificaci\u00f3n de la documentaci\u00f3n original.<\/strong><\/span><\/h3>\n<ul>\n<li><strong>En esta Etapa deber\u00e1n concurrir al instituto (Vicente Lopez y Planes 251)\u00a0 una vez iniciado el CURSO INICIAL\u00a0 en los d\u00edas y horarios seg\u00fan su letra de apellido durante el mes de ABRIL, con los originales de la documentaci\u00f3n previamente enviada por mail, de acuerdo al cronograma que se informar\u00e1 oportunamente.<\/strong><\/li>\n<\/ul>\n<p><span style=\"color: #ff0000;\"><strong>OBSERVACIONES: No se controlar\u00e1 documentaci\u00f3n a quien no haya mandado la documentaci\u00f3n al drive enviado\u00a0 (2\u00ba Etapa). Se respetar\u00e1 el d\u00eda de atenci\u00f3n a los aspirantes seg\u00fan el cronograma que se informar\u00e1.<\/strong><\/span><\/p>\n<p style=\"text-align: center;\"><strong>A partir de cumplir con esta etapa ya se encontrar\u00e1 inscripto<\/strong><\/p>\n<p><strong><span style=\"color: #ff0000;\">\u00a0IMPORTANTE:<\/span>\u00a0<span style=\"color: #ff0000;\">Qui\u00e9n no cumpla en tiempo y forma con la presentaci\u00f3n original de la documentaci\u00f3n no podr\u00e1 continuar con el curso de ingreso.<\/span><\/strong><\/p>\n<h1><span style=\"color: #000080;\"><strong>3\u00b0 Etapa Curso Inicial\u00a0(A partir de Marzo de 2021)<\/strong><\/span><\/h1>\n<p><strong><span style=\"color: #0000ff;\">(solo para preinscriptos en diciembre que recibieron confirmaci\u00f3n de preinscripci\u00f3n y que cumplimentaron etapa 2)<\/span><\/strong><\/p>\n<p><strong>En esta etapa se realizar\u00e1\u00a0 el CURSO INICIAL que si bien no tiene evaluaciones eliminatorias , es de car\u00e1cter obligatorio , y el no realizarlo implica la p\u00e9rdida de su vacante.<\/strong><\/p>\n<p><strong>FECHA DE INICIO DEL CURSO<\/strong>:<\/p>\n<p><strong>La Fecha de inicio y su organizaci\u00f3n ser\u00e1\u00a0 publicada en el CAMPUS.<\/strong>\u00a0Deber\u00e1 ingresar al campus virtual como requisito para ser admitido al Instituto y recibir\u00e1 por ese medio tambi\u00e9n la informaci\u00f3n. <span style=\"color: #0000ff;\">Su usuario en el campus ser\u00e1 su DNI y la clave 123456<\/span>.<\/p>\n<p>El curso de ingreso tendr\u00e1 una modalidad de cursada mixta implicar\u00e1 algunos encuentros presenciales (si la situaci\u00f3n epidemiol\u00f3gica lo permite) y una cursada general en aulas virtuales del campus institucional.<\/p>\n<p>El curso tendr\u00e1 unas primeras semanas que demandar\u00e1n el cumplimiento de actividades administrativas obligatorias.<\/p>\n<p>Una vez finalizado el curso de ingreso se asignar\u00e1n los turnos de cursada mediante sorteo aproximadamente en el mes de abril. La selecci\u00f3n de un turno de preferencia no implica que le ser\u00e1 asignado dicho turno para la cursada definitiva de la carrera.<\/p>\n<p><span style=\"color: #ff0000;\"><strong>Solicitamos leer con atenci\u00f3n debido a la alta demanda no podr\u00e1n responderse por mail consultas vinculadas a la informaci\u00f3n disponible en este espacio.<\/strong><\/span><\/p>\n<h2><span style=\"color: #0000ff;\"><strong>ASOCIACI\u00d3N COOPERADORA :<\/strong><\/span><\/h2>\n<p><span style=\"color: #0000ff;\"><strong>EN LA \u00a03\u00ba ETAPA DE LA INSCRIPCI\u00d3N, CUANDO CONCURREN AL ISFD,\u00a0ES MOMENTO PARA\u00a0ABONAR LA CUOTA SOCIETARIA DE LA ASOCIACI\u00d3N COOPERADORA<\/strong><\/span><\/p>\n<p><span style=\"color: #0000ff;\"><strong>\u00a0EL MONTO ANUAL $ 600 (2021), \u00a0A PESAR DE SER UN PAGO VOLUNTARIO ES MUY NECESARIO PARA EL BUEN FUNCIONAMIENTO DE LA INSTITUCI\u00d3N.<\/strong><\/span><\/p>\n<hr \/>\n<p><span style=\"color: #ff0000;\"><strong>PLAN DE ESTUDIOS<img decoding=\"async\" loading=\"lazy\" class=\"alignnone size-medium wp-image-2776\" src=\"https:\/\/isfd110-bue.infd.edu.ar\/sitio\/wp-content\/uploads\/2020\/09\/Primer-a\u00f1o_page-0001-e1571684276785-1000x709-1-1000x709.jpg\" alt=\"\" width=\"1000\" height=\"709\" srcset=\"https:\/\/isfd110-bue.infd.edu.ar\/sitio\/wp-content\/uploads\/2020\/09\/Primer-a\u00f1o_page-0001-e1571684276785-1000x709-1.jpg 1000w, https:\/\/isfd110-bue.infd.edu.ar\/sitio\/wp-content\/uploads\/2020\/09\/Primer-a\u00f1o_page-0001-e1571684276785-1000x709-1-768x545.jpg 768w\" sizes=\"(max-width: 1000px) 100vw, 1000px\" \/><\/strong><\/span><\/p>\n<p><img decoding=\"async\" loading=\"lazy\" class=\"alignnone size-medium wp-image-2777\" src=\"https:\/\/isfd110-bue.infd.edu.ar\/sitio\/wp-content\/uploads\/2020\/09\/segundo-a\u00f1o_page-0001-e1571684285727-1000x709-1000x709.jpg\" alt=\"\" width=\"1000\" height=\"709\" srcset=\"https:\/\/isfd110-bue.infd.edu.ar\/sitio\/wp-content\/uploads\/2020\/09\/segundo-a\u00f1o_page-0001-e1571684285727-1000x709.jpg 1000w, https:\/\/isfd110-bue.infd.edu.ar\/sitio\/wp-content\/uploads\/2020\/09\/segundo-a\u00f1o_page-0001-e1571684285727-1000x709-768x545.jpg 768w\" sizes=\"(max-width: 1000px) 100vw, 1000px\" \/><img decoding=\"async\" loading=\"lazy\" class=\"alignnone size-medium wp-image-2778\" src=\"https:\/\/isfd110-bue.infd.edu.ar\/sitio\/wp-content\/uploads\/2020\/09\/tercer-a\u00f1o_page-0001-e1571684293787-1000x709-1000x709.jpg\" alt=\"\" width=\"1000\" height=\"709\" srcset=\"https:\/\/isfd110-bue.infd.edu.ar\/sitio\/wp-content\/uploads\/2020\/09\/tercer-a\u00f1o_page-0001-e1571684293787-1000x709.jpg 1000w, https:\/\/isfd110-bue.infd.edu.ar\/sitio\/wp-content\/uploads\/2020\/09\/tercer-a\u00f1o_page-0001-e1571684293787-1000x709-768x545.jpg 768w\" sizes=\"(max-width: 1000px) 100vw, 1000px\" \/><\/p>\n<p><span style=\"color: #ff0000;\"><strong><img decoding=\"async\" loading=\"lazy\" class=\"alignnone size-medium wp-image-2775\" src=\"https:\/\/isfd110-bue.infd.edu.ar\/sitio\/wp-content\/uploads\/2020\/09\/cuarto-a\u00f1o_page-0001-e1571684268451-1000x709-1000x709.jpg\" alt=\"\" width=\"1000\" height=\"709\" srcset=\"https:\/\/isfd110-bue.infd.edu.ar\/sitio\/wp-content\/uploads\/2020\/09\/cuarto-a\u00f1o_page-0001-e1571684268451-1000x709.jpg 1000w, https:\/\/isfd110-bue.infd.edu.ar\/sitio\/wp-content\/uploads\/2020\/09\/cuarto-a\u00f1o_page-0001-e1571684268451-1000x709-768x545.jpg 768w\" sizes=\"(max-width: 1000px) 100vw, 1000px\" \/><\/strong><\/span><\/p>\n<p>&nbsp;<\/p>\n<hr \/>\n<p>En el marco del proyecto de la regi\u00f3n 9 Expocarrera \u00abMi proyecto de vida despu\u00e9s de la secundaria\u00bb se realizar\u00e1n dos encuentros por zoom: \u00abCharla orientaci\u00f3n ingresantes ciclo lectivo 2021\u00bb<\/p>\n<p>Tema: Charla orientaci\u00f3n ingresantes ciclo lectivo 2021<\/p>\n<p><span style=\"color: #ff0000;\">Hora: 23 sep 2020 11:00 AM\u00a0<\/span><\/p>\n<p>https:\/\/us04web.zoom.us\/j\/79752972088?pwd=M3Vncm41VTRBeUNKeXlOODg5K0UwQT09<\/p>\n<p>ID de reuni\u00f3n: 797 5297 2088<br \/>\nC\u00f3digo de acceso: 110<\/p>\n<p><span style=\"color: #ff0000;\">Hora: 7 oct 2020 05:00 PM\u00a0<\/span><\/p>\n<p>https:\/\/us04web.zoom.us\/j\/75682749308?pwd=MjYvaGdwNHRubThXWWhTQXlGWjNDdz09<\/p>\n<p>ID de reuni\u00f3n: 756 8274 9308<br \/>\nC\u00f3digo de acceso: 110<\/p>\n<hr \/>\n<p>&nbsp;<\/p>\n<p>&nbsp;<\/p>\n","protected":false},"excerpt":{"rendered":"<p>\u00a0Ingresantes 2021\u00a0I.S.F.D. N\u00b0110 Los aspirantes al Profesorado de Educaci\u00f3n Inicial del ISFD N\u00ba110 \u201cMercedes de Lasala y Riglos\u201d realizar\u00e1n su ingreso en 3 etapas, todas son obligatorias para finalizar la inscripci\u00f3n. La primera etapa a realizarse en diciembre de 2020 y otra en marzo de 2021 (solo para preinscriptos en diciembre que recibieron confirmaci\u00f3n de &#8230; <a title=\"INSCRIPCIONES CICLO LECTIVO 2021\" class=\"read-more\" href=\"https:\/\/isfd110-bue.infd.edu.ar\/sitio\/ingresantes-ciclo-lectivo-2021\/\" aria-label=\"More on INSCRIPCIONES CICLO LECTIVO 2021\">[+]<\/a><\/p>\n","protected":false},"author":1909,"featured_media":0,"parent":0,"menu_order":0,"comment_status":"closed","ping_status":"closed","template":"","meta":[],"acf":[],"_links":{"self":[{"href":"https:\/\/isfd110-bue.infd.edu.ar\/sitio\/wp-json\/wp\/v2\/pages\/2764"}],"collection":[{"href":"https:\/\/isfd110-bue.infd.edu.ar\/sitio\/wp-json\/wp\/v2\/pages"}],"about":[{"href":"https:\/\/isfd110-bue.infd.edu.ar\/sitio\/wp-json\/wp\/v2\/types\/page"}],"author":[{"embeddable":true,"href":"https:\/\/isfd110-bue.infd.edu.ar\/sitio\/wp-json\/wp\/v2\/users\/1909"}],"replies":[{"embeddable":true,"href":"https:\/\/isfd110-bue.infd.edu.ar\/sitio\/wp-json\/wp\/v2\/comments?post=2764"}],"version-history":[{"count":19,"href":"https:\/\/isfd110-bue.infd.edu.ar\/sitio\/wp-json\/wp\/v2\/pages\/2764\/revisions"}],"predecessor-version":[{"id":2850,"href":"https:\/\/isfd110-bue.infd.edu.ar\/sitio\/wp-json\/wp\/v2\/pages\/2764\/revisions\/2850"}],"wp:attachment":[{"href":"https:\/\/isfd110-bue.infd.edu.ar\/sitio\/wp-json\/wp\/v2\/media?parent=2764"}],"curies":[{"name":"wp","href":"https:\/\/api.w.org\/{rel}","templated":true}]}}