{"id":2758,"date":"2020-07-13T20:23:59","date_gmt":"2020-07-13T23:23:59","guid":{"rendered":"https:\/\/isfd110-bue.infd.edu.ar\/sitio\/?page_id=2758"},"modified":"2021-08-02T08:47:47","modified_gmt":"2021-08-02T11:47:47","slug":"equivalencias","status":"publish","type":"page","link":"https:\/\/isfd110-bue.infd.edu.ar\/sitio\/equivalencias\/","title":{"rendered":"Equivalencias"},"content":{"rendered":"<p>Las equivalencias se recepcionan antes de iniciar la cursada.<\/p>\n<p>Para la solicitud se debe completar los formularios as\u00ed tambi\u00e9n adjuntar las copias de los programas certificados por la Instituci\u00f3n en la que fueron acreditados junto al anal\u00edtico, completo o incompleto, en el que conste la nota de aprobaci\u00f3n.<\/p>\n<p><a href=\"https:\/\/isfd110-bue.infd.edu.ar\/sitio\/wp-content\/uploads\/2020\/07\/equivalenciaresumen.pdf\">equivalenciaresumen<\/a><\/p>\n<p><a href=\"https:\/\/isfd110-bue.infd.edu.ar\/sitio\/wp-content\/uploads\/2020\/07\/equivalencia_asignatura.pdf\">equivalencia_asignatura<\/a><\/p>\n","protected":false},"excerpt":{"rendered":"<p>Las equivalencias se recepcionan antes de iniciar la cursada. Para la solicitud se debe completar los formularios as\u00ed tambi\u00e9n adjuntar las copias de los programas certificados por la Instituci\u00f3n en la que fueron acreditados junto al anal\u00edtico, completo o incompleto, en el que conste la nota de aprobaci\u00f3n. equivalenciaresumen equivalencia_asignatura<\/p>\n","protected":false},"author":1909,"featured_media":0,"parent":0,"menu_order":0,"comment_status":"closed","ping_status":"closed","template":"","meta":[],"acf":[],"_links":{"self":[{"href":"https:\/\/isfd110-bue.infd.edu.ar\/sitio\/wp-json\/wp\/v2\/pages\/2758"}],"collection":[{"href":"https:\/\/isfd110-bue.infd.edu.ar\/sitio\/wp-json\/wp\/v2\/pages"}],"about":[{"href":"https:\/\/isfd110-bue.infd.edu.ar\/sitio\/wp-json\/wp\/v2\/types\/page"}],"author":[{"embeddable":true,"href":"https:\/\/isfd110-bue.infd.edu.ar\/sitio\/wp-json\/wp\/v2\/users\/1909"}],"replies":[{"embeddable":true,"href":"https:\/\/isfd110-bue.infd.edu.ar\/sitio\/wp-json\/wp\/v2\/comments?post=2758"}],"version-history":[{"count":3,"href":"https:\/\/isfd110-bue.infd.edu.ar\/sitio\/wp-json\/wp\/v2\/pages\/2758\/revisions"}],"predecessor-version":[{"id":2904,"href":"https:\/\/isfd110-bue.infd.edu.ar\/sitio\/wp-json\/wp\/v2\/pages\/2758\/revisions\/2904"}],"wp:attachment":[{"href":"https:\/\/isfd110-bue.infd.edu.ar\/sitio\/wp-json\/wp\/v2\/media?parent=2758"}],"curies":[{"name":"wp","href":"https:\/\/api.w.org\/{rel}","templated":true}]}}