{"id":1801,"date":"2019-10-26T09:26:11","date_gmt":"2019-10-26T12:26:11","guid":{"rendered":"https:\/\/isfd110-bue.infd.edu.ar\/sitio\/?page_id=1801"},"modified":"2023-06-26T11:43:39","modified_gmt":"2023-06-26T14:43:39","slug":"tain-taller-integrador-interdisciplinario","status":"publish","type":"page","link":"https:\/\/isfd110-bue.infd.edu.ar\/sitio\/tain-taller-integrador-interdisciplinario\/","title":{"rendered":"TAIN (Taller integrador interdisciplinario) AIC-ESI\u00a01\u00b0 a\u00f1o"},"content":{"rendered":"\n<p><strong>TAIN: Acuerdos Institucionales de Convivencia desde la Educaci\u00f3n Sexual Integral para 1\u00b0 a\u00f1o<\/strong><\/p>\n\n\n\n<p>El&nbsp;&nbsp;<strong>10 de junio de 2023 se llev\u00f3 a cabo un TAIN<\/strong>&nbsp;&#8211; Taller interdisciplinario- sobre los&nbsp;<strong>Acuerdos Institucionales de Convivencia (AIC) desde la Educaci\u00f3n Sexual Integral (ESI),<\/strong>&nbsp;destinado a estudiantes de 1\u00b0 a\u00f1o, coordinado por las profesoras Paula Robles y Alba Aguirre.&nbsp;&nbsp;<\/p>\n\n\n\n<p>Dicho encuentro ten\u00eda como&nbsp;<strong>objetivos<\/strong>:&nbsp;difundir los AIC y analizar sus componentes desde la Educaci\u00f3n Sexual Integral de manera transversal; promover din\u00e1micas democr\u00e1ticas de convocatoria y de participaci\u00f3n activa de las\/los estudiantes para el conocimiento y discusi\u00f3n de los AIC; y facilitar los espacios de di\u00e1logo e intercambio que promueva la adhesi\u00f3n, revisi\u00f3n y\/o ampliaci\u00f3n de los AIC.&nbsp;<\/p>\n\n\n\n<p><strong>Agradecemos la participaci\u00f3n de estudiantes, docentes y equipo de conducci\u00f3n<\/strong>&nbsp;que hicieron de esa ma\u00f1ana de s\u00e1bado un d\u00eda distinto en el Instituto donde prevaleci\u00f3 el di\u00e1logo, la escucha atenta y la reflexi\u00f3n comprometida.&nbsp;<strong>Fue un encuentro muy movilizante.&nbsp;<\/strong><\/p>\n\n\n\n<p><strong>Les compartimos un video que intenta reflejar lo vivido ese d\u00eda.&nbsp;<\/strong><\/p>\n\n\n\n<p>\u00a1Esperamos que les guste!<\/p>\n\n\n\n<p><a href=\"https:\/\/drive.google.com\/file\/d\/1ty2RnwCCWh2BhV4AJwVl1vLIg4uxhQdz\/view?usp=sharing\">https:\/\/drive.google.com\/file\/d\/1ty2RnwCCWh2BhV4AJwVl1vLIg4uxhQdz\/view?usp=sharing<\/a><\/p>\n","protected":false},"excerpt":{"rendered":"<p>TAIN: Acuerdos Institucionales de Convivencia desde la Educaci\u00f3n Sexual Integral para 1\u00b0 a\u00f1o El&nbsp;&nbsp;10 de junio de 2023 se llev\u00f3 a cabo un TAIN&nbsp;&#8211; Taller interdisciplinario- sobre los&nbsp;Acuerdos Institucionales de Convivencia (AIC) desde la Educaci\u00f3n Sexual Integral (ESI),&nbsp;destinado a estudiantes de 1\u00b0 a\u00f1o, coordinado por las profesoras Paula Robles y Alba Aguirre.&nbsp;&nbsp; Dicho encuentro ten\u00eda &#8230; <a title=\"TAIN (Taller integrador interdisciplinario) AIC-ESI\u00a01\u00b0 a\u00f1o\" class=\"read-more\" href=\"https:\/\/isfd110-bue.infd.edu.ar\/sitio\/tain-taller-integrador-interdisciplinario\/\" aria-label=\"More on TAIN (Taller integrador interdisciplinario) AIC-ESI\u00a01\u00b0 a\u00f1o\">[+]<\/a><\/p>\n","protected":false},"author":1671,"featured_media":0,"parent":0,"menu_order":0,"comment_status":"closed","ping_status":"closed","template":"","meta":[],"acf":[],"_links":{"self":[{"href":"https:\/\/isfd110-bue.infd.edu.ar\/sitio\/wp-json\/wp\/v2\/pages\/1801"}],"collection":[{"href":"https:\/\/isfd110-bue.infd.edu.ar\/sitio\/wp-json\/wp\/v2\/pages"}],"about":[{"href":"https:\/\/isfd110-bue.infd.edu.ar\/sitio\/wp-json\/wp\/v2\/types\/page"}],"author":[{"embeddable":true,"href":"https:\/\/isfd110-bue.infd.edu.ar\/sitio\/wp-json\/wp\/v2\/users\/1671"}],"replies":[{"embeddable":true,"href":"https:\/\/isfd110-bue.infd.edu.ar\/sitio\/wp-json\/wp\/v2\/comments?post=1801"}],"version-history":[{"count":2,"href":"https:\/\/isfd110-bue.infd.edu.ar\/sitio\/wp-json\/wp\/v2\/pages\/1801\/revisions"}],"predecessor-version":[{"id":3326,"href":"https:\/\/isfd110-bue.infd.edu.ar\/sitio\/wp-json\/wp\/v2\/pages\/1801\/revisions\/3326"}],"wp:attachment":[{"href":"https:\/\/isfd110-bue.infd.edu.ar\/sitio\/wp-json\/wp\/v2\/media?parent=1801"}],"curies":[{"name":"wp","href":"https:\/\/api.w.org\/{rel}","templated":true}]}}