{"id":1321,"date":"2019-09-30T21:28:15","date_gmt":"2019-10-01T00:28:15","guid":{"rendered":"https:\/\/isfd110-bue.infd.edu.ar\/sitio\/?page_id=1321"},"modified":"2026-02-27T08:57:20","modified_gmt":"2026-02-27T11:57:20","slug":"ingresantes-ciclo-lectivo-2020","status":"publish","type":"page","link":"https:\/\/isfd110-bue.infd.edu.ar\/sitio\/ingresantes-ciclo-lectivo-2020\/","title":{"rendered":"Ingresantes ciclo lectivo 2026"},"content":{"rendered":"\n<pre class=\"wp-block-code\"><code><h3>Estimadas\/os se solicita a las ingresantes 2026 completar el formulario que se adjunta a continuaci\u00f3n, para actualizar el legajo digital; <\/h3>\n<strong><a href=\"https:\/\/docs.google.com\/forms\/d\/e\/1FAIpQLSd85PtMxc5Z-xshaGa6S5fTKJ-pvVPNZTQASLduy0zh2q313g\/viewform?usp=header\" data-type=\"URL\" data-id=\"https:\/\/docs.google.com\/forms\/d\/e\/1FAIpQLSd85PtMxc5Z-xshaGa6S5fTKJ-pvVPNZTQASLduy0zh2q313g\/viewform?usp=header\">Formulario a completar.<\/a><\/strong><\/code><\/pre>\n\n\n\n<p><strong>LA REUNION OBLIGATORIA SE LLEVARA A CABO EL DIA 27 DE FEBRERO DE 2026, EN LOS SIGUIENTES HORARIOS:<\/strong><\/p>\n\n\n\n<ol>\n<li><strong>TURNO MA\u00d1ANA: 09:30HS.<\/strong><\/li>\n\n\n\n<li><strong>TURNO TARDE: 14:00 HS.<\/strong><\/li>\n\n\n\n<li><strong>TURNO VESPERTINO: 18:00 HS.<\/strong><\/li>\n<\/ol>\n\n\n\n<p><\/p>\n\n\n\n<p><\/p>\n\n\n\n<p><\/p>\n\n\n\n<marquee><font color=\"blue\"><h3>Bienvenidos\/as !!!<\/h3><\/font><\/marquee>\n\n\n\n<h4 class=\"wp-block-heading\"><strong>Los\/las aspirantes al Profesorado de Educaci\u00f3n Inicial del ISFD N\u00ba110 \u201cMercedes de Lasala y Riglos\u201d realizar\u00e1n su ingreso en&nbsp;2<\/strong><strong> etapas<\/strong>.<strong> Por favor, lea atentamente cada paso hasta el final de la p\u00e1gina, siga bajando con el cursor.<\/strong><\/h4>\n\n\n\n<font color=\"red\"><h2><strong>1\u00ba Etapa: Inscripci\u00f3n online (FINALIZADA).<\/strong><\/h2><\/font>\n\n\n\n<ol>\n<li>a)&nbsp;<strong>Correo electr\u00f3nico de<\/strong>&nbsp;<strong>Gmail<\/strong>.<\/li>\n<\/ol>\n\n\n\n<h5 class=\"wp-block-heading\">Antes de iniciar las etapas deber\u00e1 contar&nbsp;<strong>OBLIGATORIAMENTE<\/strong>&nbsp;con una cuenta de correo electr\u00f3nico de&nbsp;<strong>Gmail<\/strong>. Tomar en cuenta que ser\u00e1 la v\u00eda de comunicaci\u00f3n formal que utilizar\u00e1 la instituci\u00f3n con el\/la aspirante durante el proceso de inscripci\u00f3n. Es importante que pueda utilizarlo correctamente, conozca la clave, sea de uso personal de la\/el aspirante y que verifique que puede recibir correos electr\u00f3nicos.<\/h5>\n\n\n\n<ol>\n<li>b)&nbsp;<strong>Formulario Institucional Online:<\/strong><\/li>\n<\/ol>\n\n\n\n<h5 class=\"wp-block-heading\">Completar el&nbsp;<strong>Formulario Institucional online Profesorado de Educaci\u00f3n Inicial<\/strong>, que se encuentra a continuaci\u00f3n, al que&nbsp; deber\u00e1&nbsp;<strong>adjuntar<\/strong>&nbsp;solo la cara de frente del DNI, (tenerla escaneado previamente), el formulario no le permitir\u00e1 completarlo si no carga la foto de su DNI. Luego, enviar y continuar con la Segunda Etapa.<\/h5>\n\n\n\n<h5 class=\"wp-block-heading\"><strong>Formulario de inscripci\u00f3n<\/strong><\/h5>\n\n\n\n<h5 class=\"wp-block-heading\"><strong>Se cubrieron las vacantes disponibles. Estar atentos\/as a la inscripci\u00f3n para la \u00abLista de espera\u00bb<h3> <\/h3><\/strong> <\/h5>\n\n\n\n<h5 class=\"wp-block-heading\"><\/h5>\n\n\n\n<h5 class=\"wp-block-heading\">La instituci\u00f3n cuenta con un n\u00famero de vacantes limitado (120 cupos para el turno ma\u00f1ana, 120 cupos para el turno tarde y 60 cupos para el turno vespertino) por lo cual el formulario una vez alcanzadas las vacantes disponibles autom\u00e1ticamente no permitir\u00e1 m\u00e1s inscripciones. Las vacantes disponibles son 300 en total, incluye los tres turnos de cursada. Se realizar\u00e1 una inscripci\u00f3n&nbsp;<strong>on line<\/strong>&nbsp;complementaria entre el 15 y 18 de diciembre. Las personas que se inscriban en dichas fechas quedar\u00e1n en un listado de espera y ser\u00e1n informadas por el correo electr\u00f3nico de producirse la liberaci\u00f3n de alguna vacante.<\/h5>\n\n\n\n<FONT COLOR=\"red\"><h2><strong>2\u00b0 Etapa de la inscripci\u00f3n (9 al 11 de diciembre)<\/strong><\/h2><\/font>\n\n\n\n<p><strong>ASOCIACI\u00d3N COOPERADORA:<\/strong><\/p>\n\n\n\n<p><strong>EN LA &nbsp;2\u00ba ETAPA DE LA INSCRIPCI\u00d3N, CUANDO CONCURREN AL ISFD,&nbsp;ES MOMENTO PARA&nbsp;ABONAR LA CUOTA SOCIETARIA DE LA ASOCIACI\u00d3N COOPERADORA<\/strong><\/p>\n\n\n\n<p><strong>EL MONTO ANUAL ES DE $ 30000 (2026),  &nbsp;A PESAR DE SER UN PAGO VOLUNTARIO ES MUY NECESARIO PARA EL BUEN FUNCIONAMIENTO DE LA INSTITUCI\u00d3N.<\/strong><\/p>\n\n\n\n<h5 class=\"wp-block-heading\">Asistir&nbsp;<strong>presencialmente&nbsp;<\/strong>al instituto&nbsp;<strong>SEG\u00daN LA INICIAL DE SU APELLIDO&nbsp;<\/strong>siguiendo el siguiente cronograma:<\/h5>\n\n\n\n<p><\/p>\n\n\n\n<ul>\n<li>\u00b709-12-2025  de 8.30 a 11:00: B, C.<\/li>\n\n\n\n<li>\u00b709-12-2025  de 13.30 a 16:00: D, F, K.<\/li>\n\n\n\n<li>\u00b709-12-2025  de 18:00 a 19:30: A, E.<\/li>\n\n\n\n<li>\u00b710-12-2025 de 8.30 a 11:00: G, H, J, W.&nbsp;<\/li>\n\n\n\n<li>\u00b710-12-2025  de 13.30 a 16:00: M, N, \u00d1.<\/li>\n\n\n\n<li>\u00b710-12-2025  de 18:00 a 19:30: I, L, X.<\/li>\n\n\n\n<li>\u00b711-12-2025  de 8.30 a 11:00: O, Q, R,Z.<\/li>\n\n\n\n<li>\u00b711-12-2025  de 13.30 a 16:00: S, U, V.<\/li>\n\n\n\n<li>\u00b711-12-2025  de 18:00 a 19:30: P, T, Y.<\/li>\n<\/ul>\n\n\n\n<h5 class=\"wp-block-heading\"><strong>Deben presentarse con la siguiente documentaci\u00f3n (el \u00edtem 1 contiene un link, clickeando en el mismo lo\/la lleva a la ficha que debe imprimir y completar):<\/strong><\/h5>\n\n\n\n<h5 class=\"wp-block-heading\"><strong>1-<\/strong>&nbsp;<a href=\"https:\/\/drive.google.com\/file\/d\/1Zevmb4sH9E2parBibgEWvgS-BnjOoJtc\/view?usp=sharing\">&nbsp;<\/a><strong><a href=\"https:\/\/drive.google.com\/file\/d\/1OI5NwIBMFb-C1-UvPexr08xNunjiIv29\/view?usp=sharing\" data-type=\"URL\" data-id=\"https:\/\/drive.google.com\/file\/d\/1OI5NwIBMFb-C1-UvPexr08xNunjiIv29\/view?usp=sharing\">Ficha de Solicitud de Inscripci\u00f3n<\/a><a href=\"https:\/\/docs.google.com\/forms\/d\/13ewLAhMG45YiXP76JgxWohcrvDS_9OMyPdpNJ-TFum0\/edit?usp=drive_link\" data-type=\"URL\" data-id=\"https:\/\/docs.google.com\/forms\/d\/13ewLAhMG45YiXP76JgxWohcrvDS_9OMyPdpNJ-TFum0\/edit?usp=drive_link\">&nbsp;:<\/a><\/strong>&nbsp;Bajar la solicitud, imprimirla, completarla, firmarla y adherir una foto en el recuadro<\/h5>\n\n\n\n<h5 class=\"wp-block-heading\"><strong>2 \u2013 DNI<\/strong>&nbsp;(1\u00ba y 2\u00ba hoja).<\/h5>\n\n\n\n<h6 class=\"wp-block-heading\"><\/h6>\n\n\n\n<p><\/p>\n\n\n\n<h5 class=\"wp-block-heading\"><strong>3 \u2013 T\u00edtulo de Escuela Secundaria<\/strong>, con registro del consejo escolar.&nbsp;<em>Si es anterior al a\u00f1o 2010<\/em>, con registro del ministerio del interior (Original y copia).<\/h5>\n\n\n\n<ul>\n<li>&nbsp; &nbsp; &nbsp;&nbsp;Si todav\u00eda no tiene el t\u00edtulo pedir un certificado de t\u00edtulo en tr\u00e1mite actualizado&nbsp; (vence CADA 60 d\u00edas).<\/li>\n\n\n\n<li>&nbsp; &nbsp; &nbsp;&nbsp;Si todav\u00eda est\u00e1 cursando el \u00faltimo a\u00f1o del secundario en 2025, pedir una Constancia de Alumno Regular en donde figure qu\u00e9 a\u00f1o est\u00e1 realizando y si adeuda materias o no. Una vez finalizado el mismo se deber\u00e1 tramitar la Constancia de T\u00edtulo en Tr\u00e1mite, seg\u00fan se se\u00f1al\u00f3 en p\u00e1rrafo anterior.<\/li>\n<\/ul>\n\n\n\n<p><strong><h5>4 &#8211; Foto 4&#215;4.<\/h5><\/strong><\/p>\n\n\n\n<h5 class=\"wp-block-heading\"><strong>5 \u2013<a href=\"https:\/\/docs.google.com\/document\/d\/1RKzIBFW89gb55v-2aGEOy9rYCdQ9pP-_\/edit?usp=sharing&amp;ouid=100002081000170110535&amp;rtpof=true&amp;sd=true\" data-type=\"URL\" data-id=\"https:\/\/docs.google.com\/document\/d\/1RKzIBFW89gb55v-2aGEOy9rYCdQ9pP-_\/edit?usp=sharing&amp;ouid=100002081000170110535&amp;rtpof=true&amp;sd=true\">&nbsp;Ficha de Certificaci\u00f3n de la Inscripci\u00f3n<\/a><\/strong>&nbsp;(descargar, imprimir y llevar VAC\u00cdA al Instituto el d\u00eda de la presentaci\u00f3n de la documentaci\u00f3n original).<\/h5>\n\n\n\n<h5 class=\"wp-block-heading\"><\/h5>\n\n\n\n<h5 class=\"wp-block-heading\"><a href=\"https:\/\/drive.google.com\/file\/d\/1Aag3x4tlmC5LozutxxZ1OQPCsqA7OFzY\/view?usp=sharing\"><strong>Informaci\u00f3n para los aspirantes que tienen t\u00edtulo secundario del extranjero&nbsp;aqu\u00ed<\/strong><\/a><\/h5>\n\n\n\n<h5 class=\"wp-block-heading\"><\/h5>\n\n\n\n<h2 class=\"wp-block-heading\"><\/h2>\n\n\n\n<p><em>&nbsp; Equipo de conducci\u00f3n institucional<\/em><\/p>\n","protected":false},"excerpt":{"rendered":"<p>LA REUNION OBLIGATORIA SE LLEVARA A CABO EL DIA 27 DE FEBRERO DE 2026, EN LOS SIGUIENTES HORARIOS: Bienvenidos\/as !!! Los\/las aspirantes al Profesorado de Educaci\u00f3n Inicial del ISFD N\u00ba110 \u201cMercedes de Lasala y Riglos\u201d realizar\u00e1n su ingreso en&nbsp;2 etapas. Por favor, lea atentamente cada paso hasta el final de la p\u00e1gina, siga bajando con &#8230; <a title=\"Ingresantes ciclo lectivo 2026\" class=\"read-more\" href=\"https:\/\/isfd110-bue.infd.edu.ar\/sitio\/ingresantes-ciclo-lectivo-2020\/\" aria-label=\"More on Ingresantes ciclo lectivo 2026\">[+]<\/a><\/p>\n","protected":false},"author":1707,"featured_media":0,"parent":0,"menu_order":0,"comment_status":"closed","ping_status":"closed","template":"","meta":[],"acf":[],"_links":{"self":[{"href":"https:\/\/isfd110-bue.infd.edu.ar\/sitio\/wp-json\/wp\/v2\/pages\/1321"}],"collection":[{"href":"https:\/\/isfd110-bue.infd.edu.ar\/sitio\/wp-json\/wp\/v2\/pages"}],"about":[{"href":"https:\/\/isfd110-bue.infd.edu.ar\/sitio\/wp-json\/wp\/v2\/types\/page"}],"author":[{"embeddable":true,"href":"https:\/\/isfd110-bue.infd.edu.ar\/sitio\/wp-json\/wp\/v2\/users\/1707"}],"replies":[{"embeddable":true,"href":"https:\/\/isfd110-bue.infd.edu.ar\/sitio\/wp-json\/wp\/v2\/comments?post=1321"}],"version-history":[{"count":154,"href":"https:\/\/isfd110-bue.infd.edu.ar\/sitio\/wp-json\/wp\/v2\/pages\/1321\/revisions"}],"predecessor-version":[{"id":3820,"href":"https:\/\/isfd110-bue.infd.edu.ar\/sitio\/wp-json\/wp\/v2\/pages\/1321\/revisions\/3820"}],"wp:attachment":[{"href":"https:\/\/isfd110-bue.infd.edu.ar\/sitio\/wp-json\/wp\/v2\/media?parent=1321"}],"curies":[{"name":"wp","href":"https:\/\/api.w.org\/{rel}","templated":true}]}}