{"id":1268,"date":"2019-05-19T19:56:36","date_gmt":"2019-05-19T22:56:36","guid":{"rendered":"https:\/\/isfd110-bue.infd.edu.ar\/sitio\/?page_id=1268"},"modified":"2019-10-27T18:20:16","modified_gmt":"2019-10-27T21:20:16","slug":"danzas-etnicas-y-folkloricas","status":"publish","type":"page","link":"https:\/\/isfd110-bue.infd.edu.ar\/sitio\/danzas-etnicas-y-folkloricas\/","title":{"rendered":"Educaci\u00f3n musical y Educaci\u00f3n f\u00edsica: Danzas \u00e9tnicas y folkl\u00f3ricas"},"content":{"rendered":"<div id='gallery-1' class='gallery galleryid-1268 gallery-columns-3 gallery-size-thumbnail'><figure class='gallery-item'>\n\t\t\t<div class='gallery-icon landscape'>\n\t\t\t\t<a href='https:\/\/isfd110-bue.infd.edu.ar\/sitio\/proyectos-educativos-institucionales\/screenshot_2019-05-17-16-56-01\/#main'><img width=\"500\" height=\"500\" src=\"https:\/\/isfd110-bue.infd.edu.ar\/sitio\/wp-content\/uploads\/2019\/05\/Screenshot_2019-05-17-16-56-01-500x500.png\" class=\"attachment-thumbnail size-thumbnail\" alt=\"\" decoding=\"async\" loading=\"lazy\" \/><\/a>\n\t\t\t<\/div><\/figure><figure class='gallery-item'>\n\t\t\t<div class='gallery-icon landscape'>\n\t\t\t\t<a href='https:\/\/isfd110-bue.infd.edu.ar\/sitio\/proyectos-educativos-institucionales\/screenshot_2019-05-17-16-55-39\/#main'><img width=\"500\" height=\"500\" src=\"https:\/\/isfd110-bue.infd.edu.ar\/sitio\/wp-content\/uploads\/2019\/05\/Screenshot_2019-05-17-16-55-39-500x500.png\" class=\"attachment-thumbnail size-thumbnail\" alt=\"\" decoding=\"async\" loading=\"lazy\" \/><\/a>\n\t\t\t<\/div><\/figure><figure class='gallery-item'>\n\t\t\t<div class='gallery-icon landscape'>\n\t\t\t\t<a href='https:\/\/isfd110-bue.infd.edu.ar\/sitio\/proyectos-educativos-institucionales\/screenshot_2019-05-17-16-54-52\/#main'><img width=\"500\" height=\"500\" src=\"https:\/\/isfd110-bue.infd.edu.ar\/sitio\/wp-content\/uploads\/2019\/05\/Screenshot_2019-05-17-16-54-52-500x500.png\" class=\"attachment-thumbnail size-thumbnail\" alt=\"\" decoding=\"async\" loading=\"lazy\" \/><\/a>\n\t\t\t<\/div><\/figure><figure class='gallery-item'>\n\t\t\t<div class='gallery-icon landscape'>\n\t\t\t\t<a href='https:\/\/isfd110-bue.infd.edu.ar\/sitio\/proyectos-educativos-institucionales\/screenshot_2019-05-17-16-43-08\/#main'><img width=\"500\" height=\"500\" src=\"https:\/\/isfd110-bue.infd.edu.ar\/sitio\/wp-content\/uploads\/2019\/05\/Screenshot_2019-05-17-16-43-08-500x500.png\" class=\"attachment-thumbnail size-thumbnail\" alt=\"\" decoding=\"async\" loading=\"lazy\" \/><\/a>\n\t\t\t<\/div><\/figure><figure class='gallery-item'>\n\t\t\t<div class='gallery-icon landscape'>\n\t\t\t\t<a href='https:\/\/isfd110-bue.infd.edu.ar\/sitio\/proyectos-educativos-institucionales\/screenshot_2019-05-17-16-42-47\/#main'><img width=\"500\" height=\"500\" src=\"https:\/\/isfd110-bue.infd.edu.ar\/sitio\/wp-content\/uploads\/2019\/05\/Screenshot_2019-05-17-16-42-47-500x500.png\" class=\"attachment-thumbnail size-thumbnail\" alt=\"\" decoding=\"async\" loading=\"lazy\" \/><\/a>\n\t\t\t<\/div><\/figure><figure class='gallery-item'>\n\t\t\t<div class='gallery-icon landscape'>\n\t\t\t\t<a href='https:\/\/isfd110-bue.infd.edu.ar\/sitio\/proyectos-educativos-institucionales\/img-20190513-wa0099\/#main'><img width=\"500\" height=\"500\" src=\"https:\/\/isfd110-bue.infd.edu.ar\/sitio\/wp-content\/uploads\/2019\/05\/IMG-20190513-WA0099-500x500.jpg\" class=\"attachment-thumbnail size-thumbnail\" alt=\"\" decoding=\"async\" loading=\"lazy\" \/><\/a>\n\t\t\t<\/div><\/figure><figure class='gallery-item'>\n\t\t\t<div class='gallery-icon landscape'>\n\t\t\t\t<a href='https:\/\/isfd110-bue.infd.edu.ar\/sitio\/proyectos-educativos-institucionales\/img-20190513-wa0117\/#main'><img width=\"500\" height=\"500\" src=\"https:\/\/isfd110-bue.infd.edu.ar\/sitio\/wp-content\/uploads\/2019\/05\/IMG-20190513-WA0117-500x500.jpg\" class=\"attachment-thumbnail size-thumbnail\" alt=\"\" decoding=\"async\" loading=\"lazy\" \/><\/a>\n\t\t\t<\/div><\/figure><figure class='gallery-item'>\n\t\t\t<div class='gallery-icon landscape'>\n\t\t\t\t<a href='https:\/\/isfd110-bue.infd.edu.ar\/sitio\/proyectos-educativos-institucionales\/screenshot_2019-05-17-16-39-23\/#main'><img width=\"500\" height=\"500\" src=\"https:\/\/isfd110-bue.infd.edu.ar\/sitio\/wp-content\/uploads\/2019\/05\/Screenshot_2019-05-17-16-39-23-500x500.png\" class=\"attachment-thumbnail size-thumbnail\" alt=\"\" decoding=\"async\" loading=\"lazy\" \/><\/a>\n\t\t\t<\/div><\/figure><figure class='gallery-item'>\n\t\t\t<div class='gallery-icon landscape'>\n\t\t\t\t<a href='https:\/\/isfd110-bue.infd.edu.ar\/sitio\/proyectos-educativos-institucionales\/screenshot_2019-05-17-16-40-01\/#main'><img width=\"500\" height=\"500\" src=\"https:\/\/isfd110-bue.infd.edu.ar\/sitio\/wp-content\/uploads\/2019\/05\/Screenshot_2019-05-17-16-40-01-500x500.png\" class=\"attachment-thumbnail size-thumbnail\" alt=\"\" decoding=\"async\" loading=\"lazy\" \/><\/a>\n\t\t\t<\/div><\/figure><figure class='gallery-item'>\n\t\t\t<div class='gallery-icon landscape'>\n\t\t\t\t<a href='https:\/\/isfd110-bue.infd.edu.ar\/sitio\/proyectos-educativos-institucionales\/screenshot_2019-05-17-16-40-59\/#main'><img width=\"500\" height=\"500\" src=\"https:\/\/isfd110-bue.infd.edu.ar\/sitio\/wp-content\/uploads\/2019\/05\/Screenshot_2019-05-17-16-40-59-500x500.png\" class=\"attachment-thumbnail size-thumbnail\" alt=\"\" decoding=\"async\" loading=\"lazy\" \/><\/a>\n\t\t\t<\/div><\/figure><figure class='gallery-item'>\n\t\t\t<div class='gallery-icon landscape'>\n\t\t\t\t<a href='https:\/\/isfd110-bue.infd.edu.ar\/sitio\/proyectos-educativos-institucionales\/img-20190513-wa0097\/#main'><img width=\"500\" height=\"500\" src=\"https:\/\/isfd110-bue.infd.edu.ar\/sitio\/wp-content\/uploads\/2019\/05\/IMG-20190513-WA0097-500x500.jpg\" class=\"attachment-thumbnail size-thumbnail\" alt=\"\" decoding=\"async\" loading=\"lazy\" \/><\/a>\n\t\t\t<\/div><\/figure><figure class='gallery-item'>\n\t\t\t<div class='gallery-icon portrait'>\n\t\t\t\t<a href='https:\/\/isfd110-bue.infd.edu.ar\/sitio\/proyectos-educativos-institucionales\/img-20190513-wa0079\/#main'><img width=\"500\" height=\"500\" src=\"https:\/\/isfd110-bue.infd.edu.ar\/sitio\/wp-content\/uploads\/2019\/05\/IMG-20190513-WA0079-500x500.jpg\" class=\"attachment-thumbnail size-thumbnail\" alt=\"\" decoding=\"async\" loading=\"lazy\" \/><\/a>\n\t\t\t<\/div><\/figure><figure class='gallery-item'>\n\t\t\t<div class='gallery-icon portrait'>\n\t\t\t\t<a href='https:\/\/isfd110-bue.infd.edu.ar\/sitio\/proyectos-educativos-institucionales\/img-20190513-wa0078\/#main'><img width=\"500\" height=\"500\" src=\"https:\/\/isfd110-bue.infd.edu.ar\/sitio\/wp-content\/uploads\/2019\/05\/IMG-20190513-WA0078-500x500.jpg\" class=\"attachment-thumbnail size-thumbnail\" alt=\"\" decoding=\"async\" loading=\"lazy\" \/><\/a>\n\t\t\t<\/div><\/figure><figure class='gallery-item'>\n\t\t\t<div class='gallery-icon landscape'>\n\t\t\t\t<a href='https:\/\/isfd110-bue.infd.edu.ar\/sitio\/proyectos-educativos-institucionales\/img-20190513-wa0068\/#main'><img width=\"500\" height=\"500\" src=\"https:\/\/isfd110-bue.infd.edu.ar\/sitio\/wp-content\/uploads\/2019\/05\/IMG-20190513-WA0068-500x500.jpg\" class=\"attachment-thumbnail size-thumbnail\" alt=\"\" decoding=\"async\" loading=\"lazy\" \/><\/a>\n\t\t\t<\/div><\/figure><figure class='gallery-item'>\n\t\t\t<div class='gallery-icon landscape'>\n\t\t\t\t<a href='https:\/\/isfd110-bue.infd.edu.ar\/sitio\/proyectos-educativos-institucionales\/img-20190513-wa0048\/#main'><img width=\"500\" height=\"500\" src=\"https:\/\/isfd110-bue.infd.edu.ar\/sitio\/wp-content\/uploads\/2019\/05\/IMG-20190513-WA0048-500x500.jpeg\" class=\"attachment-thumbnail size-thumbnail\" alt=\"\" decoding=\"async\" loading=\"lazy\" \/><\/a>\n\t\t\t<\/div><\/figure><figure class='gallery-item'>\n\t\t\t<div class='gallery-icon landscape'>\n\t\t\t\t<a href='https:\/\/isfd110-bue.infd.edu.ar\/sitio\/proyectos-educativos-institucionales\/fb_img_1558130119108\/#main'><img width=\"500\" height=\"500\" src=\"https:\/\/isfd110-bue.infd.edu.ar\/sitio\/wp-content\/uploads\/2019\/05\/FB_IMG_1558130119108-500x500.jpg\" class=\"attachment-thumbnail size-thumbnail\" alt=\"\" decoding=\"async\" loading=\"lazy\" \/><\/a>\n\t\t\t<\/div><\/figure><figure class='gallery-item'>\n\t\t\t<div class='gallery-icon landscape'>\n\t\t\t\t<a href='https:\/\/isfd110-bue.infd.edu.ar\/sitio\/proyectos-educativos-institucionales\/fb_img_1558130122000\/#main'><img width=\"500\" height=\"500\" src=\"https:\/\/isfd110-bue.infd.edu.ar\/sitio\/wp-content\/uploads\/2019\/05\/FB_IMG_1558130122000-500x500.jpg\" class=\"attachment-thumbnail size-thumbnail\" alt=\"\" decoding=\"async\" loading=\"lazy\" \/><\/a>\n\t\t\t<\/div><\/figure><figure class='gallery-item'>\n\t\t\t<div class='gallery-icon landscape'>\n\t\t\t\t<a href='https:\/\/isfd110-bue.infd.edu.ar\/sitio\/proyectos-educativos-institucionales\/fb_img_1558130128295\/#main'><img width=\"500\" height=\"500\" src=\"https:\/\/isfd110-bue.infd.edu.ar\/sitio\/wp-content\/uploads\/2019\/05\/FB_IMG_1558130128295-500x500.jpg\" class=\"attachment-thumbnail size-thumbnail\" alt=\"\" decoding=\"async\" loading=\"lazy\" \/><\/a>\n\t\t\t<\/div><\/figure>\n\t\t<\/div>\n\n","protected":false},"excerpt":{"rendered":"","protected":false},"author":1671,"featured_media":0,"parent":0,"menu_order":0,"comment_status":"closed","ping_status":"closed","template":"","meta":[],"acf":[],"_links":{"self":[{"href":"https:\/\/isfd110-bue.infd.edu.ar\/sitio\/wp-json\/wp\/v2\/pages\/1268"}],"collection":[{"href":"https:\/\/isfd110-bue.infd.edu.ar\/sitio\/wp-json\/wp\/v2\/pages"}],"about":[{"href":"https:\/\/isfd110-bue.infd.edu.ar\/sitio\/wp-json\/wp\/v2\/types\/page"}],"author":[{"embeddable":true,"href":"https:\/\/isfd110-bue.infd.edu.ar\/sitio\/wp-json\/wp\/v2\/users\/1671"}],"replies":[{"embeddable":true,"href":"https:\/\/isfd110-bue.infd.edu.ar\/sitio\/wp-json\/wp\/v2\/comments?post=1268"}],"version-history":[{"count":3,"href":"https:\/\/isfd110-bue.infd.edu.ar\/sitio\/wp-json\/wp\/v2\/pages\/1268\/revisions"}],"predecessor-version":[{"id":1916,"href":"https:\/\/isfd110-bue.infd.edu.ar\/sitio\/wp-json\/wp\/v2\/pages\/1268\/revisions\/1916"}],"wp:attachment":[{"href":"https:\/\/isfd110-bue.infd.edu.ar\/sitio\/wp-json\/wp\/v2\/media?parent=1268"}],"curies":[{"name":"wp","href":"https:\/\/api.w.org\/{rel}","templated":true}]}}