{"id":1229,"date":"2019-05-19T19:31:56","date_gmt":"2019-05-19T22:31:56","guid":{"rendered":"https:\/\/isfd110-bue.infd.edu.ar\/sitio\/?page_id=1229"},"modified":"2023-06-23T08:50:42","modified_gmt":"2023-06-23T11:50:42","slug":"jornada-de-los-derechos-del-nino","status":"publish","type":"page","link":"https:\/\/isfd110-bue.infd.edu.ar\/sitio\/jornada-de-los-derechos-del-nino\/","title":{"rendered":"Jornada de los derechos de la ni\u00f1ez"},"content":{"rendered":"\n<p><\/p>\n\n\n\n<figure class=\"wp-block-gallery has-nested-images columns-default is-cropped wp-block-gallery-1 is-layout-flex\">\n<figure class=\"wp-block-image size-large\"><img decoding=\"async\" loading=\"lazy\" width=\"1131\" height=\"1600\" data-id=\"3322\"  src=\"https:\/\/isfd110-bue.infd.edu.ar\/sitio\/wp-content\/uploads\/2023\/06\/Invitacion-Jornada-Derechos-de-la-Ninez-2-6.jpg\" alt=\"\" class=\"wp-image-3322\" srcset=\"https:\/\/isfd110-bue.infd.edu.ar\/sitio\/wp-content\/uploads\/2023\/06\/Invitacion-Jornada-Derechos-de-la-Ninez-2-6.jpg 1131w, https:\/\/isfd110-bue.infd.edu.ar\/sitio\/wp-content\/uploads\/2023\/06\/Invitacion-Jornada-Derechos-de-la-Ninez-2-6-707x1000.jpg 707w, https:\/\/isfd110-bue.infd.edu.ar\/sitio\/wp-content\/uploads\/2023\/06\/Invitacion-Jornada-Derechos-de-la-Ninez-2-6-768x1086.jpg 768w, https:\/\/isfd110-bue.infd.edu.ar\/sitio\/wp-content\/uploads\/2023\/06\/Invitacion-Jornada-Derechos-de-la-Ninez-2-6-1086x1536.jpg 1086w\" sizes=\"(max-width: 1131px) 100vw, 1131px\" \/><\/figure>\n<\/figure>\n\n\n\n<p>En el Instituto, <strong>desde el a\u00f1o 2011,<\/strong> se lleva a cabo la <strong>Jornada de los Derechos de la Ni\u00f1ez <\/strong>&nbsp;con la intenci\u00f3n de poner en conocimiento, visibilizar y reflexionar acerca de los derechos de las infancias, su efectivo cumplimiento y el marco legal que los sostiene para favorecer una formaci\u00f3n docente de la educaci\u00f3n inicial que los ense\u00f1e en los jardines y los garantice cuando estos se vean en situaci\u00f3n de vulnerabilidad.<\/p>\n\n\n\n<p>En este sentido, el <strong>pasado viernes 2 de junio de 2023<\/strong>, tanto en el turno ma\u00f1ana como en el turno tarde se realiz\u00f3 dicha Jornada la cual estuvo <strong>destinada principalmente a estudiantes de 1\u00b0 y 2\u00b0 a\u00f1o de los tres turnos<\/strong>, <strong>cuya organizaci\u00f3n estuvo a cargo de estudiantes y docentes de 3\u00b0 a\u00f1o de la materia Pol\u00edticas y legislaci\u00f3n.&nbsp;<\/strong><\/p>\n\n\n\n<p>En la Jornada se desarroll\u00f3 <strong>un espacio para pensar de forma colectiv<\/strong>a <em>\u201cLa construcci\u00f3n de la identidad en las infancias\u201d<\/em> junto a la Prof. Marcela Pensa, como as\u00ed tambi\u00e9n, <strong>m\u00faltiples talleres <\/strong>para conocer y debatir acerca de los derechos de las infancias los cuales fueron coordinados por estudiantes de 3\u00b0 a\u00f1o.&nbsp;<\/p>\n\n\n\n<p>Queremos <strong>agradecer <\/strong>a todas las personas que hicieron posible la Jornada, en especial, a los\/as estudiantes de 3\u00b0 a\u00f1o que planificaron y llevaron adelante la misma con tanta dedicaci\u00f3n y creatividad, la participaci\u00f3n comprometida&nbsp; de 1\u00b0 y 2\u00b0 a\u00f1o, a la Prof. Marcela Pensa y la colaboraci\u00f3n y acompa\u00f1amiento de los\/as docentes.&nbsp;<\/p>\n\n\n\n<p><strong>Sentimos que fue un encuentro gratificante, movilizante y transformador.&nbsp;&nbsp;<\/strong><\/p>\n\n\n\n<p>Les compartimos el <strong>video de presentaci\u00f3n<\/strong> de la Jornada del turno ma\u00f1ana donde encontrar\u00e1n de forma detallada los <strong>derechos de las infancias:<\/strong>&nbsp;<\/p>\n\n\n\n<p><a href=\"https:\/\/drive.google.com\/file\/d\/1PdBVR_I_m4mwpgAgr-avkLmhnWCEmcMr\/view?usp=sharing\">https:\/\/drive.google.com\/file\/d\/1PdBVR_I_m4mwpgAgr-avkLmhnWCEmcMr\/view?usp=sharing<\/a><\/p>\n\n\n\n<p>A su vez, les compartimos <strong>dos videos que intentan reflejar lo vivido ese viernes.&nbsp;<\/strong><\/p>\n\n\n\n<p><strong>\u00a1Esperamos que los disfruten!&nbsp;<\/strong><\/p>\n\n\n\n<p>Video Turno Ma\u00f1ana:&nbsp;<\/p>\n\n\n\n<p><a href=\"https:\/\/drive.google.com\/file\/d\/1DpDdLpK-BRowBx2pnbPa_kSOA3jaN3Rk\/view?usp=sharing\">https:\/\/drive.google.com\/file\/d\/1DpDdLpK-BRowBx2pnbPa_kSOA3jaN3Rk\/view?usp=sharing<\/a><\/p>\n\n\n\n<p>Video Turno Tarde:&nbsp;<\/p>\n\n\n\n<p><a href=\"https:\/\/drive.google.com\/file\/d\/1XyYvh6c7Os_16Q4V5v_VC5d6TG3FjqFJ\/view\">https:\/\/drive.google.com\/file\/d\/1XyYvh6c7Os_16Q4V5v_VC5d6TG3FjqFJ\/view<\/a><\/p>\n\n\n","protected":false},"excerpt":{"rendered":"<p>En el Instituto, desde el a\u00f1o 2011, se lleva a cabo la Jornada de los Derechos de la Ni\u00f1ez &nbsp;con la intenci\u00f3n de poner en conocimiento, visibilizar y reflexionar acerca de los derechos de las infancias, su efectivo cumplimiento y el marco legal que los sostiene para favorecer una formaci\u00f3n docente de la educaci\u00f3n inicial &#8230; <a title=\"Jornada de los derechos de la ni\u00f1ez\" class=\"read-more\" href=\"https:\/\/isfd110-bue.infd.edu.ar\/sitio\/jornada-de-los-derechos-del-nino\/\" aria-label=\"More on Jornada de los derechos de la ni\u00f1ez\">[+]<\/a><\/p>\n","protected":false},"author":1671,"featured_media":0,"parent":0,"menu_order":0,"comment_status":"closed","ping_status":"closed","template":"","meta":[],"acf":[],"_links":{"self":[{"href":"https:\/\/isfd110-bue.infd.edu.ar\/sitio\/wp-json\/wp\/v2\/pages\/1229"}],"collection":[{"href":"https:\/\/isfd110-bue.infd.edu.ar\/sitio\/wp-json\/wp\/v2\/pages"}],"about":[{"href":"https:\/\/isfd110-bue.infd.edu.ar\/sitio\/wp-json\/wp\/v2\/types\/page"}],"author":[{"embeddable":true,"href":"https:\/\/isfd110-bue.infd.edu.ar\/sitio\/wp-json\/wp\/v2\/users\/1671"}],"replies":[{"embeddable":true,"href":"https:\/\/isfd110-bue.infd.edu.ar\/sitio\/wp-json\/wp\/v2\/comments?post=1229"}],"version-history":[{"count":4,"href":"https:\/\/isfd110-bue.infd.edu.ar\/sitio\/wp-json\/wp\/v2\/pages\/1229\/revisions"}],"predecessor-version":[{"id":3323,"href":"https:\/\/isfd110-bue.infd.edu.ar\/sitio\/wp-json\/wp\/v2\/pages\/1229\/revisions\/3323"}],"wp:attachment":[{"href":"https:\/\/isfd110-bue.infd.edu.ar\/sitio\/wp-json\/wp\/v2\/media?parent=1229"}],"curies":[{"name":"wp","href":"https:\/\/api.w.org\/{rel}","templated":true}]}}