{"id":1225,"date":"2019-05-19T19:28:05","date_gmt":"2019-05-19T22:28:05","guid":{"rendered":"https:\/\/isfd110-bue.infd.edu.ar\/sitio\/?page_id=1225"},"modified":"2019-05-19T19:58:51","modified_gmt":"2019-05-19T22:58:51","slug":"evaluacion-integrada-educacion-musical-y-educacion-fisica","status":"publish","type":"page","link":"https:\/\/isfd110-bue.infd.edu.ar\/sitio\/evaluacion-integrada-educacion-musical-y-educacion-fisica\/","title":{"rendered":"Evaluaci\u00f3n integrada Educaci\u00f3n Musical y Educaci\u00f3n F\u00edsica"},"content":{"rendered":"","protected":false},"excerpt":{"rendered":"","protected":false},"author":1671,"featured_media":0,"parent":0,"menu_order":0,"comment_status":"closed","ping_status":"closed","template":"","meta":[],"acf":[],"_links":{"self":[{"href":"https:\/\/isfd110-bue.infd.edu.ar\/sitio\/wp-json\/wp\/v2\/pages\/1225"}],"collection":[{"href":"https:\/\/isfd110-bue.infd.edu.ar\/sitio\/wp-json\/wp\/v2\/pages"}],"about":[{"href":"https:\/\/isfd110-bue.infd.edu.ar\/sitio\/wp-json\/wp\/v2\/types\/page"}],"author":[{"embeddable":true,"href":"https:\/\/isfd110-bue.infd.edu.ar\/sitio\/wp-json\/wp\/v2\/users\/1671"}],"replies":[{"embeddable":true,"href":"https:\/\/isfd110-bue.infd.edu.ar\/sitio\/wp-json\/wp\/v2\/comments?post=1225"}],"version-history":[{"count":2,"href":"https:\/\/isfd110-bue.infd.edu.ar\/sitio\/wp-json\/wp\/v2\/pages\/1225\/revisions"}],"predecessor-version":[{"id":1271,"href":"https:\/\/isfd110-bue.infd.edu.ar\/sitio\/wp-json\/wp\/v2\/pages\/1225\/revisions\/1271"}],"wp:attachment":[{"href":"https:\/\/isfd110-bue.infd.edu.ar\/sitio\/wp-json\/wp\/v2\/media?parent=1225"}],"curies":[{"name":"wp","href":"https:\/\/api.w.org\/{rel}","templated":true}]}}