{"id":1015,"date":"2018-12-28T17:43:54","date_gmt":"2018-12-28T20:43:54","guid":{"rendered":"https:\/\/isfd110-bue.infd.edu.ar\/sitio\/?page_id=1015"},"modified":"2024-04-19T17:14:38","modified_gmt":"2024-04-19T20:14:38","slug":"fonoaudiologia","status":"publish","type":"page","link":"https:\/\/isfd110-bue.infd.edu.ar\/sitio\/fonoaudiologia\/","title":{"rendered":"FONOAUDIOLOG\u00cdA"},"content":{"rendered":"<p><strong><span style=\"color: #0000ff;\">HORARIOS DE ATENCI\u00d3N<\/span><\/strong><\/p>\n<p>Lunes de 12 a 17 hs.<\/p>\n<p>Mi\u00e9rcoles de 14:00 a las 20:00 hs.<\/p>\n<p>Viernes de 8:00 a 12:00 hs.<\/p>\n<p><a href=\"mailto:lic_carolinar@yahoo.com.ar\">lic_carolinar@yahoo.com.ar<\/a><\/p>\n<p><strong>Campus<\/strong>: aula de fonoaudiolog\u00eda<\/p>\n<p>Resoluci\u00f3n \u00ab<a href=\"http:\/\/servicios.abc.gov.ar\/lainstitucion\/organismos\/consejogeneral\/disenioscurriculares\/documentosdescarga\/dcurricularsuperior.pdf\">Dise\u00f1o curricular para la educaci\u00f3n superior Provincia de Buenos Aires<\/a>\u00bb<\/p>\n<p><img decoding=\"async\" loading=\"lazy\" class=\"alignnone size-full wp-image-2829\" src=\"https:\/\/isfd110-bue.infd.edu.ar\/sitio\/wp-content\/uploads\/2021\/02\/dise\u00f1u-superior-fono-pag-37.jpg\" alt=\"\" width=\"621\" height=\"154\" \/> <img decoding=\"async\" loading=\"lazy\" class=\"alignnone size-medium wp-image-2830\" src=\"https:\/\/isfd110-bue.infd.edu.ar\/sitio\/wp-content\/uploads\/2021\/02\/dise\u00f1u-superior-fono-pag-38.jpg\" alt=\"\" width=\"704\" height=\"438\" \/><\/p>\n<p>Carolina Ramognino<\/p>\n<p>Fonoaudi\u00f3loga<\/p>\n","protected":false},"excerpt":{"rendered":"<p>HORARIOS DE ATENCI\u00d3N Lunes de 12 a 17 hs. Mi\u00e9rcoles de 14:00 a las 20:00 hs. Viernes de 8:00 a 12:00 hs. lic_carolinar@yahoo.com.ar Campus: aula de fonoaudiolog\u00eda Resoluci\u00f3n \u00abDise\u00f1o curricular para la educaci\u00f3n superior Provincia de Buenos Aires\u00bb Carolina Ramognino Fonoaudi\u00f3loga<\/p>\n","protected":false},"author":1909,"featured_media":0,"parent":0,"menu_order":0,"comment_status":"closed","ping_status":"closed","template":"","meta":[],"acf":[],"_links":{"self":[{"href":"https:\/\/isfd110-bue.infd.edu.ar\/sitio\/wp-json\/wp\/v2\/pages\/1015"}],"collection":[{"href":"https:\/\/isfd110-bue.infd.edu.ar\/sitio\/wp-json\/wp\/v2\/pages"}],"about":[{"href":"https:\/\/isfd110-bue.infd.edu.ar\/sitio\/wp-json\/wp\/v2\/types\/page"}],"author":[{"embeddable":true,"href":"https:\/\/isfd110-bue.infd.edu.ar\/sitio\/wp-json\/wp\/v2\/users\/1909"}],"replies":[{"embeddable":true,"href":"https:\/\/isfd110-bue.infd.edu.ar\/sitio\/wp-json\/wp\/v2\/comments?post=1015"}],"version-history":[{"count":10,"href":"https:\/\/isfd110-bue.infd.edu.ar\/sitio\/wp-json\/wp\/v2\/pages\/1015\/revisions"}],"predecessor-version":[{"id":3575,"href":"https:\/\/isfd110-bue.infd.edu.ar\/sitio\/wp-json\/wp\/v2\/pages\/1015\/revisions\/3575"}],"wp:attachment":[{"href":"https:\/\/isfd110-bue.infd.edu.ar\/sitio\/wp-json\/wp\/v2\/media?parent=1015"}],"curies":[{"name":"wp","href":"https:\/\/api.w.org\/{rel}","templated":true}]}}